{"id":557,"date":"2023-11-19T14:03:27","date_gmt":"2023-11-19T14:03:27","guid":{"rendered":"https:\/\/gramentheme.com\/wp\/dogri\/?page_id=557"},"modified":"2024-09-03T12:36:40","modified_gmt":"2024-09-03T12:36:40","slug":"service","status":"publish","type":"page","link":"https:\/\/www.dentalturism.com\/es\/servicio\/","title":{"rendered":"Servicio"},"content":{"rendered":"<div data-elementor-type=\"wp-page\" data-elementor-id=\"557\" class=\"elementor elementor-557\" data-elementor-post-type=\"page\">\n\t\t\t\t<div class=\"elementor-element elementor-element-e2c452e e-con-full e-flex e-con e-parent\" data-id=\"e2c452e\" data-element_type=\"container\" data-e-type=\"container\">\n\t\t\t\t<div class=\"elementor-element elementor-element-a954ff3 elementor-widget elementor-widget-dogri_service_post_widget\" data-id=\"a954ff3\" data-element_type=\"widget\" data-e-type=\"widget\" data-widget_type=\"dogri_service_post_widget.default\">\n\t\t\t\t<div class=\"elementor-widget-container\">\n\t\t\t\t\t\r\n\t<!-- What we do area start -->\r\n\t<section class=\"what-we-do-area section-space p-relative\">\r\n\t\t<div class=\"container\">\r\n\t\t<div class=\"row g-5 align-items-end justify-content-between section-title-space\">\r\n\t\t\t<div class=\"col-xxl-6 co-xl-6 col-lg-6\">\r\n\t\t\t\t\t\t\t\t<div class=\"section-title-wrapper-5\">\r\n\t\t\t\t\t\t\t\t\t\t\t<div class=\"section-subtitle-6 mb-20\">\r\n\t\t\t\t\t\t<span>Nuestros servicios<\/span>\r\n\t\t\t\t\t<\/div>\r\n\t\t\t\t\t\t\t\t\t\t\t\t\t\t\t\t<h2 class=\"section-title-3\">Los mejores servicios m\u00e9dicos<\/h2>\r\n\t\t\t\t\t\t\t\t\t<\/div>\r\n\t\t\t\t\t\t\t<\/div>\r\n\t\t\t<div class=\"col-xxl-5 co-xl-5 col-lg-6\">\r\n\t\t\t\t\t\t\t<div class=\"section-short-intro\">\r\n\t\t\t\t\t<p><\/p>\r\n\t\t\t\t\t<a class=\"text-btn\" href=\"\/es\/dogri\/service\/\">Ver todos<span><i class=\"fa-regular fa-angle-right\"><\/i><\/span><\/a>\r\n\t\t\t\t<\/div>\r\n\t\t\t\t\t\t\t<\/div>\r\n\t\t<\/div>\r\n\t\t<div class=\"row gy-50 align-items-center\">\r\n\t\t\t\t\t<div class=\"col-xl-4 co-xl-4 col-lg-4\">\r\n\t\t\t\t<div class=\"what-we-do-item wow fadeIn\" data-wow-delay=\".3s\">\r\n\t\t\t\t\t<div class=\"what-we-do-icon\">\r\n\t\t\t\t\t<span>\r\n\t\t\t\t\t\t\t\t\t\t\t\t\t<img decoding=\"async\" src=\"https:\/\/www.dentalturism.com\/wp-content\/uploads\/2024\/08\/Implantology.svg\" alt=\"icono\">\r\n\t\t\t\t\t\t\t\t\t\t\t\t<\/span>\r\n\t\t\t\t\t<\/div>\r\n\t\t\t\t\t<div class=\"what-we-do-content\">\r\n\t\t\t\t\t<h4><a href=\"https:\/\/www.dentalturism.com\/es\/services\/implantologia\/\">Implantolog\u00eda<\/a><\/h4>\r\n\t\t\t\t\t<p>La implantolog\u00eda oral es hoy la base de la reconstrucci\u00f3n del patrimonio dental perdido, similar al natural, sin<\/p>\r\n\t\t\t\t\t<\/div>\r\n\t\t\t\t\t<a class=\"round-link-40\" href=\"https:\/\/www.dentalturism.com\/es\/services\/implantologia\/\"><i class=\"fa-regular fa-angle-right\"><\/i><\/a>\r\n\t\t\t\t<\/div>\r\n\t\t\t<\/div>\r\n\t\t\t\t\t\t<div class=\"col-xl-4 co-xl-4 col-lg-4\">\r\n\t\t\t\t<div class=\"what-we-do-item wow fadeIn\" data-wow-delay=\".3s\">\r\n\t\t\t\t\t<div class=\"what-we-do-icon\">\r\n\t\t\t\t\t<span>\r\n\t\t\t\t\t\t\t\t\t\t\t\t\t<img decoding=\"async\" src=\"https:\/\/www.dentalturism.com\/wp-content\/uploads\/2024\/08\/Dental-Aesthetics.svg\" alt=\"icono\">\r\n\t\t\t\t\t\t\t\t\t\t\t\t<\/span>\r\n\t\t\t\t\t<\/div>\r\n\t\t\t\t\t<div class=\"what-we-do-content\">\r\n\t\t\t\t\t<h4><a href=\"https:\/\/www.dentalturism.com\/es\/services\/estetica-dental\/\">Est\u00e9tica dental<\/a><\/h4>\r\n\t\t\t\t\t<p>Los materiales y la tecnolog\u00eda modernos, permiten restauraciones extremadamente precisas y est\u00e9ticas independientemente de la amplitud de<\/p>\r\n\t\t\t\t\t<\/div>\r\n\t\t\t\t\t<a class=\"round-link-40\" href=\"https:\/\/www.dentalturism.com\/es\/services\/estetica-dental\/\"><i class=\"fa-regular fa-angle-right\"><\/i><\/a>\r\n\t\t\t\t<\/div>\r\n\t\t\t<\/div>\r\n\t\t\t\t\t\t<div class=\"col-xl-4 co-xl-4 col-lg-4\">\r\n\t\t\t\t<div class=\"what-we-do-item wow fadeIn\" data-wow-delay=\".3s\">\r\n\t\t\t\t\t<div class=\"what-we-do-icon\">\r\n\t\t\t\t\t<span>\r\n\t\t\t\t\t\t\t\t\t\t\t\t\t<img decoding=\"async\" src=\"https:\/\/www.dentalturism.com\/wp-content\/uploads\/2024\/08\/Periodontics.svg\" alt=\"icono\">\r\n\t\t\t\t\t\t\t\t\t\t\t\t<\/span>\r\n\t\t\t\t\t<\/div>\r\n\t\t\t\t\t<div class=\"what-we-do-content\">\r\n\t\t\t\t\t<h4><a href=\"https:\/\/www.dentalturism.com\/es\/services\/periodoncia\/\">Periodoncia<\/a><\/h4>\r\n\t\t\t\t\t<p>Las enfermedades periodontales adoptan muchas formas diferentes, pero suelen ser el resultado de una coalescencia<\/p>\r\n\t\t\t\t\t<\/div>\r\n\t\t\t\t\t<a class=\"round-link-40\" href=\"https:\/\/www.dentalturism.com\/es\/services\/periodoncia\/\"><i class=\"fa-regular fa-angle-right\"><\/i><\/a>\r\n\t\t\t\t<\/div>\r\n\t\t\t<\/div>\r\n\t\t\t\t\t\t<div class=\"col-xl-4 co-xl-4 col-lg-4\">\r\n\t\t\t\t<div class=\"what-we-do-item wow fadeIn\" data-wow-delay=\".3s\">\r\n\t\t\t\t\t<div class=\"what-we-do-icon\">\r\n\t\t\t\t\t<span>\r\n\t\t\t\t\t\t\t\t\t\t\t\t\t<img decoding=\"async\" src=\"https:\/\/www.dentalturism.com\/wp-content\/uploads\/2024\/08\/Endodontics.svg\" alt=\"icono\">\r\n\t\t\t\t\t\t\t\t\t\t\t\t<\/span>\r\n\t\t\t\t\t<\/div>\r\n\t\t\t\t\t<div class=\"what-we-do-content\">\r\n\t\t\t\t\t<h4><a href=\"https:\/\/www.dentalturism.com\/es\/services\/endodoncia\/\">Endodoncia<\/a><\/h4>\r\n\t\t\t\t\t<p>La endodoncia es una de las especialidades odontol\u00f3gicas que se ocupa de la pulpa dental y de la<\/p>\r\n\t\t\t\t\t<\/div>\r\n\t\t\t\t\t<a class=\"round-link-40\" href=\"https:\/\/www.dentalturism.com\/es\/services\/endodoncia\/\"><i class=\"fa-regular fa-angle-right\"><\/i><\/a>\r\n\t\t\t\t<\/div>\r\n\t\t\t<\/div>\r\n\t\t\t\t\t\t<div class=\"col-xl-4 co-xl-4 col-lg-4\">\r\n\t\t\t\t<div class=\"what-we-do-item wow fadeIn\" data-wow-delay=\".3s\">\r\n\t\t\t\t\t<div class=\"what-we-do-icon\">\r\n\t\t\t\t\t<span>\r\n\t\t\t\t\t\t\t\t\t\t\t\t\t<img decoding=\"async\" src=\"https:\/\/www.dentalturism.com\/wp-content\/uploads\/2023\/12\/odontotherapy.svg\" alt=\"icono\">\r\n\t\t\t\t\t\t\t\t\t\t\t\t<\/span>\r\n\t\t\t\t\t<\/div>\r\n\t\t\t\t\t<div class=\"what-we-do-content\">\r\n\t\t\t\t\t<h4><a href=\"https:\/\/www.dentalturism.com\/es\/services\/odontoterapia\/\">Odontoterapia<\/a><\/h4>\r\n\t\t\t\t\t<p>Los diversos problemas, desde simples caries hasta complicaciones graves, pueden eliminarse con una odontolog\u00eda adecuada.<\/p>\r\n\t\t\t\t\t<\/div>\r\n\t\t\t\t\t<a class=\"round-link-40\" href=\"https:\/\/www.dentalturism.com\/es\/services\/odontoterapia\/\"><i class=\"fa-regular fa-angle-right\"><\/i><\/a>\r\n\t\t\t\t<\/div>\r\n\t\t\t<\/div>\r\n\t\t\t\t\t\t<div class=\"col-xl-4 co-xl-4 col-lg-4\">\r\n\t\t\t\t<div class=\"what-we-do-item wow fadeIn\" data-wow-delay=\".3s\">\r\n\t\t\t\t\t<div class=\"what-we-do-icon\">\r\n\t\t\t\t\t<span>\r\n\t\t\t\t\t\t\t\t\t\t\t\t\t<img decoding=\"async\" src=\"https:\/\/www.dentalturism.com\/wp-content\/uploads\/2024\/08\/prophylaxis.svg\" alt=\"icono\">\r\n\t\t\t\t\t\t\t\t\t\t\t\t<\/span>\r\n\t\t\t\t\t<\/div>\r\n\t\t\t\t\t<div class=\"what-we-do-content\">\r\n\t\t\t\t\t<h4><a href=\"https:\/\/www.dentalturism.com\/es\/services\/profilaxis\/\">Profilaxis<\/a><\/h4>\r\n\t\t\t\t\t<p>La medicina preventiva o atenci\u00f3n preventiva o profilaxis consiste en las medidas adoptadas para prevenir enfermedades, (o<\/p>\r\n\t\t\t\t\t<\/div>\r\n\t\t\t\t\t<a class=\"round-link-40\" href=\"https:\/\/www.dentalturism.com\/es\/services\/profilaxis\/\"><i class=\"fa-regular fa-angle-right\"><\/i><\/a>\r\n\t\t\t\t<\/div>\r\n\t\t\t<\/div>\r\n\t\t\t\t\t\t<div class=\"col-xl-4 co-xl-4 col-lg-4\">\r\n\t\t\t\t<div class=\"what-we-do-item wow fadeIn\" data-wow-delay=\".3s\">\r\n\t\t\t\t\t<div class=\"what-we-do-icon\">\r\n\t\t\t\t\t<span>\r\n\t\t\t\t\t\t\t\t\t\t\t\t\t<img decoding=\"async\" src=\"https:\/\/www.dentalturism.com\/wp-content\/uploads\/2023\/12\/Pedodontics.svg\" alt=\"icono\">\r\n\t\t\t\t\t\t\t\t\t\t\t\t<\/span>\r\n\t\t\t\t\t<\/div>\r\n\t\t\t\t\t<div class=\"what-we-do-content\">\r\n\t\t\t\t\t<h4><a href=\"https:\/\/www.dentalturism.com\/es\/services\/pedodoncia\/\">Pedodoncia<\/a><\/h4>\r\n\t\t\t\t\t<p>Nos acercamos al ni\u00f1o con sensibilidad y comprensi\u00f3n para que pueda generar confianza con<\/p>\r\n\t\t\t\t\t<\/div>\r\n\t\t\t\t\t<a class=\"round-link-40\" href=\"https:\/\/www.dentalturism.com\/es\/services\/pedodoncia\/\"><i class=\"fa-regular fa-angle-right\"><\/i><\/a>\r\n\t\t\t\t<\/div>\r\n\t\t\t<\/div>\r\n\t\t\t\t\t\t<div class=\"col-xl-4 co-xl-4 col-lg-4\">\r\n\t\t\t\t<div class=\"what-we-do-item wow fadeIn\" data-wow-delay=\".3s\">\r\n\t\t\t\t\t<div class=\"what-we-do-icon\">\r\n\t\t\t\t\t<span>\r\n\t\t\t\t\t\t\t\t\t\t\t\t\t<img decoding=\"async\" src=\"https:\/\/www.dentalturism.com\/wp-content\/uploads\/2023\/12\/Orthodontics.svg\" alt=\"icono\">\r\n\t\t\t\t\t\t\t\t\t\t\t\t<\/span>\r\n\t\t\t\t\t<\/div>\r\n\t\t\t\t\t<div class=\"what-we-do-content\">\r\n\t\t\t\t\t<h4><a href=\"https:\/\/www.dentalturism.com\/es\/services\/ortodoncia\/\">Ortodoncia<\/a><\/h4>\r\n\t\t\t\t\t<p>La ortodoncia es una rama de la odontolog\u00eda que se especializa en el tratamiento de pacientes con una posici\u00f3n inadecuada de<\/p>\r\n\t\t\t\t\t<\/div>\r\n\t\t\t\t\t<a class=\"round-link-40\" href=\"https:\/\/www.dentalturism.com\/es\/services\/ortodoncia\/\"><i class=\"fa-regular fa-angle-right\"><\/i><\/a>\r\n\t\t\t\t<\/div>\r\n\t\t\t<\/div>\r\n\t\t\t\t\t<\/div>\r\n\t\t<\/div>\r\n\t<\/section>\r\n\t<!-- What we do area end -->\r\n\r\n\r\n\t\t\r\n\r\n\r\n\r\n\t\t\t\t\t<\/div>\n\t\t\t\t<\/div>\n\t\t\t\t<\/div>\n\t\t<div class=\"elementor-element elementor-element-6b82637 e-con-full e-flex e-con e-parent\" data-id=\"6b82637\" data-element_type=\"container\" data-e-type=\"container\">\n\t\t\t\t<div class=\"elementor-element elementor-element-d7d2d7a elementor-widget elementor-widget-intro_widget\" data-id=\"d7d2d7a\" data-element_type=\"widget\" data-e-type=\"widget\" data-widget_type=\"intro_widget.default\">\n\t\t\t\t<div class=\"elementor-widget-container\">\n\t\t\t\t\t\r\n\r\n\t <script>\r\n jQuery(document).ready(function($) {\r\n\r\n\/\/write js code under this line \r\n\r\n\r\n\/\/write code above the line \r\n\r\n  });\r\n<\/script>\r\n   <!-- Intro area star -->\r\n   <div class=\"intro-area section-space p-relative\">\r\n      <div class=\"intro-bg\">\r\n         <div class=\"intro-bg-thumb include-bg\" data-background=\"https:\/\/www.dentalturism.com\/wp-content\/uploads\/2023\/11\/intro-bg-1.png\"><\/div>\r\n      <\/div>\r\n      <div class=\"container\">\r\n         <div class=\"row justify-content-center\">\r\n            <div class=\"col-xxl-7 col-xl-9 col-lg-10\">\r\n               <div class=\"section-title-wrapper is-white text-center wow fadeInUp\" data-wow-delay=\"0.3s\">\r\n                  <h2 class=\"section-title section-title-spacing\">Tome las riendas de su salud hoy mismo y programe una consulta<\/h2>\r\n                  <a href=\"https:\/\/www.dentalturism.com\/es\/home\/appointment\/\" class=\"fill-btn secondary\">\r\n                     <span class=\"fill-btn-inner\">\r\n                        <span class=\"fill-btn-normal\">reservar cita<i class=\"fa-regular fa-angle-right\"><\/i><\/span>\r\n                        <span class=\"fill-btn-hover\">reservar cita<i class=\"fa-regular fa-angle-right\"><\/i><\/span>\r\n                     <\/span>\r\n                  <\/a>\r\n               <\/div>\r\n            <\/div>\r\n         <\/div>\r\n      <\/div>\r\n   <\/div>\r\n   <!-- Intro area end -->\r\n   \t\r\n\r\n\r\n\r\n             \r\n\t\t\t\t\t\t<\/div>\n\t\t\t\t<\/div>\n\t\t\t\t<\/div>\n\t\t<div class=\"elementor-element elementor-element-7756554 e-con-full e-flex e-con e-parent\" data-id=\"7756554\" data-element_type=\"container\" data-e-type=\"container\">\n\t\t\t\t<div class=\"elementor-element elementor-element-52addbf elementor-widget elementor-widget-benefit_tab\" data-id=\"52addbf\" data-element_type=\"widget\" data-e-type=\"widget\" data-widget_type=\"benefit_tab.default\">\n\t\t\t\t<div class=\"elementor-widget-container\">\n\t\t\t\t\t\r\n\r\n\t <script>\r\n jQuery(document).ready(function($) {\r\n\r\n\/\/write js code under this line \r\n\r\n\r\n\/\/write code above the line \r\n\r\n  });\r\n<\/script>\r\n   <!-- FAQ area start -->\r\n   <section class=\"faq__area section-space\">\r\n         <div class=\"container\">\r\n            <div class=\"row gy-50 wow fadeInUp\" data-wow-delay=\".3s\">\r\n               <div class=\"col-xxl-5 col-xl-5 col-lg-6\">\r\n                  <div class=\"faq__content bd-sticky\">\r\n                     <div class=\"section-title-wrapper-2 mb-15\">\r\n                        <span class=\"section-subtitle-2 mb-25\">LEER FAQ<\/span>\r\n                        <h2 class=\"section-title\">Hay muchas preguntas comunes<\/h2>\r\n                     <\/div>\r\n                     <p class=\"mb-40\">Lorem ipsum dolor sit amet consectetur adipisng elit Ut et massa mi. Aliquam in hendrerit urna.\n                     Pellentesque sit amet sapiengilla<\/p>\r\n                     <a href=\"\/es\/dogri\/contact\/\" class=\"fill-btn\">\r\n                        <span class=\"fill-btn-inner\">\r\n                           <span class=\"fill-btn-normal\">Contacto<i class=\"fa-regular fa-angle-right\"><\/i><\/span>\r\n                           <span class=\"fill-btn-hover\">Contacto<i class=\"fa-regular fa-angle-right\"><\/i><\/span>\r\n                        <\/span>\r\n                     <\/a>\r\n                  <\/div>\r\n               <\/div>\r\n               <div class=\"col-xxl-7 col-xl-7 col-lg-6\">\r\n                  <div class=\"bd__faq\">\r\n\t\t\t\t  \t\t\t\t\t<div class=\"accordion-item\">\r\n\t\t\t\t\t\t<h2 class=\"accordion-header\" id=\"heading2f87939-st-2\">\r\n\t\t\t\t\t\t\t<button class=\"accordion-button\" type=\"button\" data-bs-toggle=\"collapse\"\r\n\t\t\t\t\t\t\tdata-bs-target=\"#collapse2f87939-st-2\" aria-expanded=\"true\"\r\n\t\t\t\t\t\t\taria-controls=\"collapse2f87939-st-2\">\r\n\t\t\t\t\t\t\t\r\n\t\t\t\t\t\t\t\u00bfQu\u00e9 se necesita en una cartera?\t\t\t\t\t\t\t<\/button>\r\n\t\t\t\t\t\t<\/h2>\r\n\t\t\t\t\t\t<div id=\"collapse2f87939-st-2\" class=\"accordion-collapse collapse show\"\r\n\t\t\t\t\t\t\taria-labelledby=\"heading2f87939-st-2\" data-bs-parent=\"#accordionExample-st-2subtitlefaq-1186359099\">\r\n\t\t\t\t\t\t\t<div class=\"accordion-body\">\r\n\t\t\t\t\t\t\tPellentesque commodo lacus at sodales sodales. uisque sagittis orci ut diam\n                                    condimentum, vel euismod erat Pellentesque commodo lacus at sodales sodales. Quisque\n                                    . placerat. In iaculis arcu eros, eget tempus orci facilisis id. Morbi quam velit,\n                                    euismd in imperdiet vitae.\t\t\t\t\t\t\t<\/div>\r\n\t\t\t\t\t\t<\/div>\r\n\t\t\t\t\t<\/div>\r\n\t\t\t\t\t\t\t\t\t\t<div class=\"accordion-item\">\r\n\t\t\t\t\t\t<h2 class=\"accordion-header\" id=\"heading060635d-st-2\">\r\n\t\t\t\t\t\t\t<button class=\"accordion-button collapsed\" type=\"button\" data-bs-toggle=\"collapse\"\r\n\t\t\t\t\t\t\tdata-bs-target=\"#collapse060635d-st-2\" aria-expanded=\"true\"\r\n\t\t\t\t\t\t\taria-controls=\"collapse060635d-st-2\">\r\n\t\t\t\t\t\t\t\r\n\t\t\t\t\t\t\t\u00bfEn qu\u00e9 consiste la evaluaci\u00f3n basada en la investigaci\u00f3n?\t\t\t\t\t\t\t<\/button>\r\n\t\t\t\t\t\t<\/h2>\r\n\t\t\t\t\t\t<div id=\"collapse060635d-st-2\" class=\"accordion-collapse collapse\"\r\n\t\t\t\t\t\t\taria-labelledby=\"heading060635d-st-2\" data-bs-parent=\"#accordionExample-st-2subtitlefaq-1186359099\">\r\n\t\t\t\t\t\t\t<div class=\"accordion-body\">\r\n\t\t\t\t\t\t\tPellentesque commodo lacus at sodales sodales. uisque sagittis orci ut diam\n                                    condimentum, vel euismod erat Pellentesque commodo lacus at sodales sodales. Quisque\n                                    . placerat. In iaculis arcu eros, eget tempus orci facilisis id. Morbi quam velit,\n                                    euismd in imperdiet vitae.\t\t\t\t\t\t\t<\/div>\r\n\t\t\t\t\t\t<\/div>\r\n\t\t\t\t\t<\/div>\r\n\t\t\t\t\t\t\t\t\t\t<div class=\"accordion-item\">\r\n\t\t\t\t\t\t<h2 class=\"accordion-header\" id=\"headinge3ee6a2-st-2\">\r\n\t\t\t\t\t\t\t<button class=\"accordion-button collapsed\" type=\"button\" data-bs-toggle=\"collapse\"\r\n\t\t\t\t\t\t\tdata-bs-target=\"#collapsee3ee6a2-st-2\" aria-expanded=\"true\"\r\n\t\t\t\t\t\t\taria-controls=\"collapsee3ee6a2-st-2\">\r\n\t\t\t\t\t\t\t\r\n\t\t\t\t\t\t\t\u00bfQu\u00e9 se necesita en una cartera?\t\t\t\t\t\t\t<\/button>\r\n\t\t\t\t\t\t<\/h2>\r\n\t\t\t\t\t\t<div id=\"collapsee3ee6a2-st-2\" class=\"accordion-collapse collapse\"\r\n\t\t\t\t\t\t\taria-labelledby=\"headinge3ee6a2-st-2\" data-bs-parent=\"#accordionExample-st-2subtitlefaq-1186359099\">\r\n\t\t\t\t\t\t\t<div class=\"accordion-body\">\r\n\t\t\t\t\t\t\tPellentesque commodo lacus at sodales sodales. uisque sagittis orci ut diam\n                                    condimentum, vel euismod erat Pellentesque commodo lacus at sodales sodales. Quisque\n                                    . placerat. In iaculis arcu eros, eget tempus orci facilisis id. Morbi quam velit,\n                                    euismd in imperdiet vitae.\t\t\t\t\t\t\t<\/div>\r\n\t\t\t\t\t\t<\/div>\r\n\t\t\t\t\t<\/div>\r\n\t\t\t\t\t\t\t\t\t\t<div class=\"accordion-item\">\r\n\t\t\t\t\t\t<h2 class=\"accordion-header\" id=\"headingaca7d89-st-2\">\r\n\t\t\t\t\t\t\t<button class=\"accordion-button collapsed\" type=\"button\" data-bs-toggle=\"collapse\"\r\n\t\t\t\t\t\t\tdata-bs-target=\"#collapseaca7d89-st-2\" aria-expanded=\"true\"\r\n\t\t\t\t\t\t\taria-controls=\"collapseaca7d89-st-2\">\r\n\t\t\t\t\t\t\t\r\n\t\t\t\t\t\t\t\u00bfC\u00f3mo enviar dinero por Internet?\t\t\t\t\t\t\t<\/button>\r\n\t\t\t\t\t\t<\/h2>\r\n\t\t\t\t\t\t<div id=\"collapseaca7d89-st-2\" class=\"accordion-collapse collapse\"\r\n\t\t\t\t\t\t\taria-labelledby=\"headingaca7d89-st-2\" data-bs-parent=\"#accordionExample-st-2subtitlefaq-1186359099\">\r\n\t\t\t\t\t\t\t<div class=\"accordion-body\">\r\n\t\t\t\t\t\t\tPellentesque commodo lacus at sodales sodales. uisque sagittis orci ut diam\n                                    condimentum, vel euismod erat Pellentesque commodo lacus at sodales sodales. Quisque\n                                    . placerat. In iaculis arcu eros, eget tempus orci facilisis id. Morbi quam velit,\n                                    euismd in imperdiet vitae.\t\t\t\t\t\t\t<\/div>\r\n\t\t\t\t\t\t<\/div>\r\n\t\t\t\t\t<\/div>\r\n\t\t\t\t\t                  <\/div>\r\n               <\/div>\r\n            <\/div>\r\n         <\/div>\r\n      <\/section>\r\n      <!-- FAQ area end -->\r\n\t\r\n\r\n\r\n\r\n             \r\n\t\t\t\t\t\t<\/div>\n\t\t\t\t<\/div>\n\t\t\t\t<\/div>\n\t\t<div class=\"elementor-element elementor-element-632418f e-con-full e-flex e-con e-parent\" data-id=\"632418f\" data-element_type=\"container\" data-e-type=\"container\">\n\t\t\t\t<div class=\"elementor-element elementor-element-a4d56d0 elementor-widget elementor-widget-newsletter_widget\" data-id=\"a4d56d0\" data-element_type=\"widget\" data-e-type=\"widget\" data-widget_type=\"newsletter_widget.default\">\n\t\t\t\t<div class=\"elementor-widget-container\">\n\t\t\t\t\t\r\n\r\n\t <script>\r\n jQuery(document).ready(function($) {\r\n\r\n\/\/write js code under this line \r\n\r\n\r\n\/\/write code above the line \r\n\r\n  });\r\n<\/script>\r\n   <!-- Newsletter area start -->\r\n   <section class=\"newsletter-area p-relative\">\r\n      <div class=\"newsletter-overlay theme-bg-3\"><\/div>\r\n      <div class=\"container\">\r\n         <div class=\"newsletter-grid p-relative\">\r\n            <div class=\"intro-bg\">\r\n               <div class=\"intro-bg-thumb include-bg\" data-background=\"https:\/\/www.dentalturism.com\/wp-content\/uploads\/2023\/11\/intro-bg-1.png\"><\/div>\r\n            <\/div>\r\n            <div class=\"row gy-4 align-items-center\">\r\n               <div class=\"col-xxl-6 col-xl-6 col-lg-6\">\r\n                  <div class=\"newsletter-content\">\r\n                     <h3 class=\"newsletter-title\">Suscr\u00edbase a nuestro bolet\u00edn de noticias<\/h3>\r\n                  <\/div>\r\n               <\/div>\r\n               <div class=\"col-xxl-6 col-xl-6 col-lg-6\">\r\n                  <div class=\"newsletter-form\">\r\n\t\t\t\t  \t\n<div class=\"wpcf7 no-js\" id=\"wpcf7-f418-o1\" lang=\"en-US\" dir=\"ltr\" data-wpcf7-id=\"418\">\n<div class=\"screen-reader-response\"><p role=\"status\" aria-live=\"polite\" aria-atomic=\"true\"><\/p> <ul><\/ul><\/div>\n<form action=\"\/es\/wp-json\/wp\/v2\/pages\/557#wpcf7-f418-o1\" method=\"post\" class=\"wpcf7-form init\" aria-label=\"Contact form\" novalidate=\"novalidate\" data-status=\"init\" data-trp-original-action=\"\/es\/wp-json\/wp\/v2\/pages\/557#wpcf7-f418-o1\">\n<fieldset class=\"hidden-fields-container\"><input type=\"hidden\" name=\"_wpcf7\" value=\"418\" \/><input type=\"hidden\" name=\"_wpcf7_version\" value=\"6.1.5\" \/><input type=\"hidden\" name=\"_wpcf7_locale\" value=\"en_US\" \/><input type=\"hidden\" name=\"_wpcf7_unit_tag\" value=\"wpcf7-f418-o1\" \/><input type=\"hidden\" name=\"_wpcf7_container_post\" value=\"0\" \/><input type=\"hidden\" name=\"_wpcf7_posted_data_hash\" value=\"\" \/>\n<\/fieldset>\n<div class=\"newsletter-input p-relative\">\n\t<p><span class=\"wpcf7-form-control-wrap\" data-name=\"email-765\"><input size=\"40\" maxlength=\"400\" class=\"wpcf7-form-control wpcf7-email wpcf7-validates-as-required wpcf7-text wpcf7-validates-as-email\" aria-required=\"true\" aria-invalid=\"false\" placeholder=\"Introduzca la direcci\u00f3n de correo electr\u00f3nico\" value=\"\" type=\"email\" name=\"email-765\" \/><\/span><button class=\"fill-btn-1\" type=\"submit\"><span class=\"fill-btn-inner\"><span class=\"fill-btn-normal\">Suscr\u00edbase<\/span><\/span><\/button>\n\t<\/p>\n<\/div><div class=\"wpcf7-response-output\" aria-hidden=\"true\"><\/div>\n<input type=\"hidden\" name=\"trp-form-language\" value=\"es\"\/><\/form>\n<\/div>\n                  <\/div>\r\n               <\/div>\r\n            <\/div>\r\n         <\/div>\r\n      <\/div>\r\n   <\/section>\r\n   <!-- Newsletter area end -->\r\n\t\r\n\r\n             \r\n\t\t\t\t\t\t<\/div>\n\t\t\t\t<\/div>\n\t\t\t\t<\/div>\n\t\t\t\t<\/div>","protected":false},"excerpt":{"rendered":"<p>Our Service Best Medical Services View All Implantology Oral implantology is today the base of<\/p>","protected":false},"author":1,"featured_media":0,"parent":0,"menu_order":0,"comment_status":"closed","ping_status":"closed","template":"elementor_header_footer","meta":{"inline_featured_image":false,"footnotes":""},"class_list":["post-557","page","type-page","status-publish","hentry"],"_links":{"self":[{"href":"https:\/\/www.dentalturism.com\/es\/wp-json\/wp\/v2\/pages\/557","targetHints":{"allow":["GET"]}}],"collection":[{"href":"https:\/\/www.dentalturism.com\/es\/wp-json\/wp\/v2\/pages"}],"about":[{"href":"https:\/\/www.dentalturism.com\/es\/wp-json\/wp\/v2\/types\/page"}],"author":[{"embeddable":true,"href":"https:\/\/www.dentalturism.com\/es\/wp-json\/wp\/v2\/users\/1"}],"replies":[{"embeddable":true,"href":"https:\/\/www.dentalturism.com\/es\/wp-json\/wp\/v2\/comments?post=557"}],"version-history":[{"count":0,"href":"https:\/\/www.dentalturism.com\/es\/wp-json\/wp\/v2\/pages\/557\/revisions"}],"wp:attachment":[{"href":"https:\/\/www.dentalturism.com\/es\/wp-json\/wp\/v2\/media?parent=557"}],"curies":[{"name":"wp","href":"https:\/\/api.w.org\/{rel}","templated":true}]}}