{"id":641,"date":"2023-11-21T00:53:59","date_gmt":"2023-11-21T00:53:59","guid":{"rendered":"https:\/\/gramentheme.com\/wp\/dogri\/?page_id=641"},"modified":"2024-09-08T10:27:28","modified_gmt":"2024-09-08T10:27:28","slug":"dental-turism-team","status":"publish","type":"page","link":"https:\/\/www.dentalturism.com\/es\/equipo-de-turismo-dental\/","title":{"rendered":"Dental Turism Team"},"content":{"rendered":"<div data-elementor-type=\"wp-page\" data-elementor-id=\"641\" class=\"elementor elementor-641\" data-elementor-post-type=\"page\">\n\t\t\t\t<div class=\"elementor-element elementor-element-358a7e7 e-con-full e-flex e-con e-parent\" data-id=\"358a7e7\" data-element_type=\"container\" data-e-type=\"container\">\n\t\t\t\t<div class=\"elementor-element elementor-element-dab9b75 elementor-widget elementor-widget-banner_2_widget\" data-id=\"dab9b75\" data-element_type=\"widget\" data-e-type=\"widget\" data-widget_type=\"banner_2_widget.default\">\n\t\t\t\t<div class=\"elementor-widget-container\">\n\t\t\t\t\t\r\n\r\n\t <script>\r\n jQuery(document).ready(function($) {\r\n\r\n\/\/write js code under this line \r\n\r\n\r\n\r\n\/\/write code above the line \r\n\r\n  });\r\n<\/script>\r\n<!-- Banner area start -->\r\n<section class=\"banner-area banner-2 p-relative\">\r\n\t\t<div class=\"banner-bg-thumb\">\r\n\t\t<div class=\"banner-bg include-bg\" data-background=\"https:\/\/www.dentalturism.com\/wp-content\/uploads\/2024\/08\/DSC02441.jpg\"><\/div>\r\n\t\t<\/div>\r\n\t\t<div class=\"banner-inner-grid\">\r\n\t\t<div class=\"banner-content-box p-relative\">\r\n\t\t\t<div class=\"banner-content-2\">\r\n\t\t\t\t<span class=\"banner-subtitle-2\">Nuestros profesionales<\/span>\r\n\t\t\t\t<h2>Cuidar tu sonrisa<\/h2>\r\n\t\t\t\t<p>Nuestros experimentados m\u00e9dicos est\u00e1n a su disposici\u00f3n para ayudarle en lo que necesite.<\/p>\r\n\t\t\t\t<a href=\"https:\/\/www.dentalturism.com\/es\/cita\/\" class=\"fill-btn secondary\">\r\n\t\t\t\t\t<span class=\"fill-btn-inner\">\r\n\t\t\t\t\t<span class=\"fill-btn-normal\">Conseguir cita<i class=\"fa-regular fa-angle-right\"><\/i><\/span>\r\n\t\t\t\t\t<span class=\"fill-btn-hover\">Conseguir cita<i class=\"fa-regular fa-angle-right\"><\/i><\/span>\r\n\t\t\t\t\t<\/span>\r\n\t\t\t\t<\/a>\r\n\t\t\t<\/div>\r\n\t\t<\/div>\r\n\t\t<div class=\"banner-wrapper-2 p-relative\">\r\n\t\t\t<div class=\"banner-thumb-2\" data-background=\"https:\/\/www.dentalturism.com\/wp-content\/uploads\/2023\/12\/3466.jpg\">\r\n\t\t\t<\/div>\r\n\t\t\t<div class=\"banner-card-meta\">\r\n\t\t\t\t<div class=\"thumb\">\r\n\t\t\t\t<img decoding=\"async\" src=\"https:\/\/www.dentalturism.com\/wp-content\/uploads\/2023\/11\/meta-02-1.png\" alt=\"\"\/>\r\n\t\t\t\t<\/div>\r\n\t\t\t\t<div class=\"thumb\">\r\n\t\t\t\t<img decoding=\"async\" src=\"https:\/\/www.dentalturism.com\/wp-content\/uploads\/2023\/11\/meta-03-1.png\" alt=\"\"\/>\r\n\t\t\t\t<\/div>\r\n\t\t\t\t<div class=\"thumb\">\r\n\t\t\t\t<img decoding=\"async\" src=\"https:\/\/www.dentalturism.com\/wp-content\/uploads\/2023\/11\/meta-04-1.png\" alt=\"\"\/>\r\n\t\t\t\t<\/div>\r\n\t\t\t\t<div class=\"thumb\">\r\n\t\t\t\t<img decoding=\"async\" src=\"https:\/\/www.dentalturism.com\/wp-content\/uploads\/2023\/11\/meta-01-1.png\" alt=\"\"\/>\r\n\t\t\t\t<\/div>\r\n\t\t\t\t<h2>100%<\/h2>\r\n\t\t\t\t<p>Pacientes queridos y satisfechos<\/p>\r\n\t\t\t<\/div>\r\n\t\t<\/div>\r\n\t\t<\/div>\r\n\t<\/section>\r\n\t<!-- Banner area end -->\r\n\r\n\r\n\r\n\r\n             \r\n\t\t\t\t\t\t<\/div>\n\t\t\t\t<\/div>\n\t\t\t\t<\/div>\n\t\t<div class=\"elementor-element elementor-element-ecd82c3 e-grid e-con-boxed e-con e-parent\" data-id=\"ecd82c3\" data-element_type=\"container\" data-e-type=\"container\">\n\t\t\t\t\t<div class=\"e-con-inner\">\n\t\t\t\t<div class=\"elementor-element elementor-element-0f0f679 elementor-position-top elementor-widget elementor-widget-image-box\" data-id=\"0f0f679\" data-element_type=\"widget\" data-e-type=\"widget\" data-widget_type=\"image-box.default\">\n\t\t\t\t\t<div class=\"elementor-image-box-wrapper\"><figure class=\"elementor-image-box-img\"><img fetchpriority=\"high\" decoding=\"async\" width=\"700\" height=\"700\" src=\"https:\/\/www.dentalturism.com\/wp-content\/uploads\/2024\/09\/Yahya-Aslam.jpg\" class=\"attachment-full size-full wp-image-2616\" alt=\"Yahya Aslam\" srcset=\"https:\/\/www.dentalturism.com\/wp-content\/uploads\/2024\/09\/Yahya-Aslam.jpg 700w, https:\/\/www.dentalturism.com\/wp-content\/uploads\/2024\/09\/Yahya-Aslam-300x300.jpg 300w, https:\/\/www.dentalturism.com\/wp-content\/uploads\/2024\/09\/Yahya-Aslam-150x150.jpg 150w\" sizes=\"(max-width: 700px) 100vw, 700px\" \/><\/figure><div class=\"elementor-image-box-content\"><h3 class=\"elementor-image-box-title\">Dr. Yahya Aslam<\/h3><p class=\"elementor-image-box-description\">Implantolog\u00eda y est\u00e9tica dental<\/p><\/div><\/div>\t\t\t\t<\/div>\n\t\t\t\t<div class=\"elementor-element elementor-element-34b1ab1 elementor-position-top elementor-widget elementor-widget-image-box\" data-id=\"34b1ab1\" data-element_type=\"widget\" data-e-type=\"widget\" data-widget_type=\"image-box.default\">\n\t\t\t\t\t<div class=\"elementor-image-box-wrapper\"><figure class=\"elementor-image-box-img\"><img decoding=\"async\" width=\"700\" height=\"700\" src=\"https:\/\/www.dentalturism.com\/wp-content\/uploads\/2024\/09\/aziz.jpg\" class=\"attachment-full size-full wp-image-2618\" alt=\"Othman Abdulaziz\" srcset=\"https:\/\/www.dentalturism.com\/wp-content\/uploads\/2024\/09\/aziz.jpg 700w, https:\/\/www.dentalturism.com\/wp-content\/uploads\/2024\/09\/aziz-300x300.jpg 300w, https:\/\/www.dentalturism.com\/wp-content\/uploads\/2024\/09\/aziz-150x150.jpg 150w\" sizes=\"(max-width: 700px) 100vw, 700px\" \/><\/figure><div class=\"elementor-image-box-content\"><h3 class=\"elementor-image-box-title\">Dr. Othman Abdulaziz<\/h3><p class=\"elementor-image-box-description\">Pedodoncia<\/p><\/div><\/div>\t\t\t\t<\/div>\n\t\t\t\t<div class=\"elementor-element elementor-element-b85c784 elementor-position-top elementor-widget elementor-widget-image-box\" data-id=\"b85c784\" data-element_type=\"widget\" data-e-type=\"widget\" data-widget_type=\"image-box.default\">\n\t\t\t\t\t<div class=\"elementor-image-box-wrapper\"><figure class=\"elementor-image-box-img\"><img decoding=\"async\" width=\"700\" height=\"700\" src=\"https:\/\/www.dentalturism.com\/wp-content\/uploads\/2024\/09\/andreea-ulici.jpg\" class=\"attachment-full size-full wp-image-2617\" alt=\"\" srcset=\"https:\/\/www.dentalturism.com\/wp-content\/uploads\/2024\/09\/andreea-ulici.jpg 700w, https:\/\/www.dentalturism.com\/wp-content\/uploads\/2024\/09\/andreea-ulici-300x300.jpg 300w, https:\/\/www.dentalturism.com\/wp-content\/uploads\/2024\/09\/andreea-ulici-150x150.jpg 150w\" sizes=\"(max-width: 700px) 100vw, 700px\" \/><\/figure><div class=\"elementor-image-box-content\"><h3 class=\"elementor-image-box-title\">Dra. Ulici Andreea<\/h3><p class=\"elementor-image-box-description\">Dentista general<\/p><\/div><\/div>\t\t\t\t<\/div>\n\t\t\t\t<div class=\"elementor-element elementor-element-6cb608d elementor-position-top elementor-widget elementor-widget-image-box\" data-id=\"6cb608d\" data-element_type=\"widget\" data-e-type=\"widget\" data-widget_type=\"image-box.default\">\n\t\t\t\t\t<div class=\"elementor-image-box-wrapper\"><figure class=\"elementor-image-box-img\"><img loading=\"lazy\" decoding=\"async\" width=\"663\" height=\"756\" src=\"https:\/\/www.dentalturism.com\/wp-content\/uploads\/2023\/11\/appointment-bg-1.png\" class=\"attachment-full size-full wp-image-70\" alt=\"\" srcset=\"https:\/\/www.dentalturism.com\/wp-content\/uploads\/2023\/11\/appointment-bg-1.png 663w, https:\/\/www.dentalturism.com\/wp-content\/uploads\/2023\/11\/appointment-bg-1-263x300.png 263w, https:\/\/www.dentalturism.com\/wp-content\/uploads\/2023\/11\/appointment-bg-1-600x684.png 600w\" sizes=\"(max-width: 663px) 100vw, 663px\" \/><\/figure><div class=\"elementor-image-box-content\"><h3 class=\"elementor-image-box-title\">Dr. Patru Adrian<\/h3><p class=\"elementor-image-box-description\">Cirujano<\/p><\/div><\/div>\t\t\t\t<\/div>\n\t\t\t\t<div class=\"elementor-element elementor-element-dd97a4b elementor-position-top elementor-widget elementor-widget-image-box\" data-id=\"dd97a4b\" data-element_type=\"widget\" data-e-type=\"widget\" data-widget_type=\"image-box.default\">\n\t\t\t\t\t<div class=\"elementor-image-box-wrapper\"><figure class=\"elementor-image-box-img\"><img loading=\"lazy\" decoding=\"async\" width=\"663\" height=\"756\" src=\"https:\/\/www.dentalturism.com\/wp-content\/uploads\/2023\/11\/appointment-bg-1.png\" class=\"attachment-full size-full wp-image-70\" alt=\"\" srcset=\"https:\/\/www.dentalturism.com\/wp-content\/uploads\/2023\/11\/appointment-bg-1.png 663w, https:\/\/www.dentalturism.com\/wp-content\/uploads\/2023\/11\/appointment-bg-1-263x300.png 263w, https:\/\/www.dentalturism.com\/wp-content\/uploads\/2023\/11\/appointment-bg-1-600x684.png 600w\" sizes=\"(max-width: 663px) 100vw, 663px\" \/><\/figure><div class=\"elementor-image-box-content\"><h3 class=\"elementor-image-box-title\">Dr. Mosa Jafar<\/h3><p class=\"elementor-image-box-description\">Ortodoncista<\/p><\/div><\/div>\t\t\t\t<\/div>\n\t\t\t\t<div class=\"elementor-element elementor-element-2dad4f5 elementor-position-top elementor-widget elementor-widget-image-box\" data-id=\"2dad4f5\" data-element_type=\"widget\" data-e-type=\"widget\" data-widget_type=\"image-box.default\">\n\t\t\t\t\t<div class=\"elementor-image-box-wrapper\"><figure class=\"elementor-image-box-img\"><img loading=\"lazy\" decoding=\"async\" width=\"663\" height=\"756\" src=\"https:\/\/www.dentalturism.com\/wp-content\/uploads\/2023\/11\/appointment-bg-1.png\" class=\"attachment-full size-full wp-image-70\" alt=\"\" srcset=\"https:\/\/www.dentalturism.com\/wp-content\/uploads\/2023\/11\/appointment-bg-1.png 663w, https:\/\/www.dentalturism.com\/wp-content\/uploads\/2023\/11\/appointment-bg-1-263x300.png 263w, https:\/\/www.dentalturism.com\/wp-content\/uploads\/2023\/11\/appointment-bg-1-600x684.png 600w\" sizes=\"(max-width: 663px) 100vw, 663px\" \/><\/figure><div class=\"elementor-image-box-content\"><h3 class=\"elementor-image-box-title\">Dra. Lapusanu Laura<\/h3><p class=\"elementor-image-box-description\">Ortodoncista<\/p><\/div><\/div>\t\t\t\t<\/div>\n\t\t\t\t<div class=\"elementor-element elementor-element-1c99faf elementor-position-top elementor-widget elementor-widget-image-box\" data-id=\"1c99faf\" data-element_type=\"widget\" data-e-type=\"widget\" data-widget_type=\"image-box.default\">\n\t\t\t\t\t<div class=\"elementor-image-box-wrapper\"><figure class=\"elementor-image-box-img\"><img loading=\"lazy\" decoding=\"async\" width=\"663\" height=\"756\" src=\"https:\/\/www.dentalturism.com\/wp-content\/uploads\/2023\/11\/appointment-bg-1.png\" class=\"attachment-full size-full wp-image-70\" alt=\"\" srcset=\"https:\/\/www.dentalturism.com\/wp-content\/uploads\/2023\/11\/appointment-bg-1.png 663w, https:\/\/www.dentalturism.com\/wp-content\/uploads\/2023\/11\/appointment-bg-1-263x300.png 263w, https:\/\/www.dentalturism.com\/wp-content\/uploads\/2023\/11\/appointment-bg-1-600x684.png 600w\" sizes=\"(max-width: 663px) 100vw, 663px\" \/><\/figure><div class=\"elementor-image-box-content\"><h3 class=\"elementor-image-box-title\">Dra. Zabrac Elena<\/h3><p class=\"elementor-image-box-description\">Endodoncista<\/p><\/div><\/div>\t\t\t\t<\/div>\n\t\t\t\t<div class=\"elementor-element elementor-element-3729d9a elementor-position-top elementor-widget elementor-widget-image-box\" data-id=\"3729d9a\" data-element_type=\"widget\" data-e-type=\"widget\" data-widget_type=\"image-box.default\">\n\t\t\t\t\t<div class=\"elementor-image-box-wrapper\"><figure class=\"elementor-image-box-img\"><img loading=\"lazy\" decoding=\"async\" width=\"663\" height=\"756\" src=\"https:\/\/www.dentalturism.com\/wp-content\/uploads\/2023\/11\/appointment-bg-1.png\" class=\"attachment-full size-full wp-image-70\" alt=\"\" srcset=\"https:\/\/www.dentalturism.com\/wp-content\/uploads\/2023\/11\/appointment-bg-1.png 663w, https:\/\/www.dentalturism.com\/wp-content\/uploads\/2023\/11\/appointment-bg-1-263x300.png 263w, https:\/\/www.dentalturism.com\/wp-content\/uploads\/2023\/11\/appointment-bg-1-600x684.png 600w\" sizes=\"(max-width: 663px) 100vw, 663px\" \/><\/figure><div class=\"elementor-image-box-content\"><h3 class=\"elementor-image-box-title\">Dr. Simionas Andreea<\/h3><p class=\"elementor-image-box-description\">Est\u00e9tica dental (Pr\u00f3tesis)<\/p><\/div><\/div>\t\t\t\t<\/div>\n\t\t\t\t\t<\/div>\n\t\t\t\t<\/div>\n\t\t<div class=\"elementor-element elementor-element-9c55193 e-flex e-con-boxed e-con e-parent\" data-id=\"9c55193\" data-element_type=\"container\" data-e-type=\"container\">\n\t\t\t\t\t<div class=\"e-con-inner\">\n\t\t\t\t<div class=\"elementor-element elementor-element-c4090a9 elementor-widget elementor-widget-contact_box\" data-id=\"c4090a9\" data-element_type=\"widget\" data-e-type=\"widget\" data-widget_type=\"contact_box.default\">\n\t\t\t\t<div class=\"elementor-widget-container\">\n\t\t\t\t\t\r\n\r\n\t <script>\r\n jQuery(document).ready(function($) {\r\n\r\n\/\/write js code under this line \r\n\r\n\r\n\/\/write code above the line \r\n\r\n  });\r\n<\/script>\r\n<!-- Contact area start -->\r\n<div class=\"contact-area\">\r\n\t<div class=\"container\">\r\n\t<div class=\"row g-5\">\r\n\t\t\t\t<div class=\"col-xxl-4 col-xl-4 col-lg-6\">\r\n\t\t\t<div class=\"contact-info-item text-center\">\r\n\t\t\t\t<div class=\"contact-info-icon\">\r\n\t\t\t\t<span><i class=\"fas fa-map-marker-alt\"><\/i><\/span>\r\n\t\t\t\t<\/div>\r\n\t\t\t\t<div class=\"contact-info-content\">\r\n\t\t\t\t<h4>Nuestra ubicaci\u00f3n<\/h4>\r\n\t\t\t\t<p><a href=\"\">Blvd. Decebal 18, Bucarest<\/a><\/p>\r\n\t\t\t\t<p><a href=\"\"><\/a><\/p>\r\n\t\t\t\t<\/div>\r\n\t\t\t<\/div>\r\n\t\t<\/div>\r\n\t\t\t\t<div class=\"col-xxl-4 col-xl-4 col-lg-6\">\r\n\t\t\t<div class=\"contact-info-item text-center\">\r\n\t\t\t\t<div class=\"contact-info-icon\">\r\n\t\t\t\t<span><i class=\"far fa-envelope\"><\/i><\/span>\r\n\t\t\t\t<\/div>\r\n\t\t\t\t<div class=\"contact-info-content\">\r\n\t\t\t\t<h4>Nuestra direcci\u00f3n de correo electr\u00f3nico<\/h4>\r\n\t\t\t\t<p><a href=\"mailto:office@dentalturism.com\">office@dentalturism.com<\/a><\/p>\r\n\t\t\t\t<p><a href=\"\"><\/a><\/p>\r\n\t\t\t\t<\/div>\r\n\t\t\t<\/div>\r\n\t\t<\/div>\r\n\t\t\t\t<div class=\"col-xxl-4 col-xl-4 col-lg-6\">\r\n\t\t\t<div class=\"contact-info-item text-center\">\r\n\t\t\t\t<div class=\"contact-info-icon\">\r\n\t\t\t\t<span><i class=\"far fa-envelope\"><\/i><\/span>\r\n\t\t\t\t<\/div>\r\n\t\t\t\t<div class=\"contact-info-content\">\r\n\t\t\t\t<h4>Nuestro n\u00famero de contacto<\/h4>\r\n\t\t\t\t<p><a href=\"tel:+40721279090\">+40 721 27 90 90<\/a><\/p>\r\n\t\t\t\t<p><a href=\"\"><\/a><\/p>\r\n\t\t\t\t<\/div>\r\n\t\t\t<\/div>\r\n\t\t<\/div>\r\n\t\t\t<\/div>         \r\n\t<\/div>\r\n<\/div>\r\n<!-- Contact area end -->\r\n\r\n\r\n\r\n             \r\n\t\t\t\t\t\t<\/div>\n\t\t\t\t<\/div>\n\t\t\t\t\t<\/div>\n\t\t\t\t<\/div>\n\t\t\t\t<\/div>","protected":false},"excerpt":{"rendered":"<p>Our Professionals Caring You For Smile Our experienced doctors are here to help you with any requests you may have. Get appointment Get appointment 100% Loved &#038; Satisficed Patients Dr. Yahya Aslam Implantology &#038; Dental Aesthetics Dr. Othman Abdulaziz Pedodontics Dr. Ulici Andreea General Dentist Dr. Patru Adrian Surgeon Dr. Mosa Jafar Orthodontist Dr. Lapusanu [&hellip;]<\/p>\n","protected":false},"author":1,"featured_media":0,"parent":0,"menu_order":0,"comment_status":"closed","ping_status":"closed","template":"elementor_header_footer","meta":{"inline_featured_image":false,"footnotes":""},"class_list":["post-641","page","type-page","status-publish","hentry"],"_links":{"self":[{"href":"https:\/\/www.dentalturism.com\/es\/wp-json\/wp\/v2\/pages\/641","targetHints":{"allow":["GET"]}}],"collection":[{"href":"https:\/\/www.dentalturism.com\/es\/wp-json\/wp\/v2\/pages"}],"about":[{"href":"https:\/\/www.dentalturism.com\/es\/wp-json\/wp\/v2\/types\/page"}],"author":[{"embeddable":true,"href":"https:\/\/www.dentalturism.com\/es\/wp-json\/wp\/v2\/users\/1"}],"replies":[{"embeddable":true,"href":"https:\/\/www.dentalturism.com\/es\/wp-json\/wp\/v2\/comments?post=641"}],"version-history":[{"count":0,"href":"https:\/\/www.dentalturism.com\/es\/wp-json\/wp\/v2\/pages\/641\/revisions"}],"wp:attachment":[{"href":"https:\/\/www.dentalturism.com\/es\/wp-json\/wp\/v2\/media?parent=641"}],"curies":[{"name":"wp","href":"https:\/\/api.w.org\/{rel}","templated":true}]}}