{"id":2465,"date":"2024-08-20T09:34:30","date_gmt":"2024-08-20T09:34:30","guid":{"rendered":"https:\/\/www.dentalturism.com\/?page_id=2465"},"modified":"2024-08-30T10:24:51","modified_gmt":"2024-08-30T10:24:51","slug":"subscription","status":"publish","type":"page","link":"https:\/\/www.dentalturism.com\/fr\/abonnement\/","title":{"rendered":"Abonnement"},"content":{"rendered":"<div data-elementor-type=\"wp-page\" data-elementor-id=\"2465\" class=\"elementor elementor-2465\" data-elementor-post-type=\"page\">\n\t\t\t\t<div class=\"elementor-element elementor-element-026025f e-con-full e-flex e-con e-parent\" data-id=\"026025f\" data-element_type=\"container\" data-e-type=\"container\">\n\t\t\t\t<div class=\"elementor-element elementor-element-fd5cd66 elementor-widget elementor-widget-banner_4_widget\" data-id=\"fd5cd66\" data-element_type=\"widget\" data-e-type=\"widget\" data-widget_type=\"banner_4_widget.default\">\n\t\t\t\t<div class=\"elementor-widget-container\">\n\t\t\t\t\t\r\n\r\n\t <script>\r\n jQuery(document).ready(function($) {\r\n\r\n\/\/write js code under this line \r\n\r\n\r\n\r\n\/\/write code above the line \r\n\r\n  });\r\n<\/script>\r\n\r\n<!-- Slider area start -->\r\n\t<section class=\"slider-area-2 theme-bg-1\">\r\n\t\t<div class=\"container\">\r\n\t\t\t<div class=\"row g-5 align-self-end\">\r\n\t\t\t\t<div class=\"col-xxl-6 col-xl-6 col-lg-6 align-self-center\">\r\n\t\t\t\t\t<div class=\"slider-content-2\">\r\n\t\t\t\t\t\t<span class=\"slider-subtitle-2\">Clinique de turisme dentaire<\/span>\r\n\t\t\t\t\t\t<h2 class=\"slider-title-2\">R\u00e9v\u00e9ler le pouvoir d'un sourire confiant<\/h2>\r\n\t\t\t\t\t\t<p>D\u00e9couvrez l'impact transformateur d'un sourire confiant - o\u00f9 chaque traitement est con\u00e7u non seulement pour am\u00e9liorer votre apparence, mais aussi pour vous donner la confiance que conf\u00e8re un sourire sain et radieux.<\/p>\r\n\t\t\t\t\t\t<div class=\"slider-btn-wrapper mb-35\">\r\n\t\t\t\t\t\t<a href=\"https:\/\/www.dentalturism.com\/fr\/contact\/\" class=\"fill-btn secondary\">\r\n\t\t\t\t\t\t\t<span class=\"fill-btn-inner\">\r\n\t\t\t\t\t\t\t\t<span class=\"fill-btn-normal\">Nous contacter<i class=\"fa-regular fa-angle-right\"><\/i><\/span>\r\n\t\t\t\t\t\t\t\t<span class=\"fill-btn-hover\">Nous contacter<i class=\"fa-regular fa-angle-right\"><\/i><\/span>\r\n\t\t\t\t\t\t\t<\/span>\r\n\t\t\t\t\t\t<\/a>\r\n\t\t\t\t\t\t<a class=\"slider-link-play popup-video\" href=\"\"><i\r\n\t\t\t\t\t\t\t\tclass=\"fa-sharp fa-solid fa-play\"><\/i><\/a>\r\n\t\t\t\t\t\t<\/div>\r\n\t\t\t\t\t\t<div class=\"slider-meta\">\r\n\t\t\t\t\t\t<div class=\"slider-meta-thumb\">\r\n\t\t\t\t\t\t\t\r\n\t\t\t\t\t\t\t\t\t\t\t\t\t\t\t<img decoding=\"async\" src=\"https:\/\/www.dentalturism.com\/wp-content\/uploads\/2023\/11\/user-01-2.png\" alt=\"\">\r\n\t\t\t\t\t\t\t\t\t\t\t\t\t\t\r\n\t\t\t\t\t\t\t\t\t\t\t\t\t\t\t<img decoding=\"async\" src=\"https:\/\/www.dentalturism.com\/wp-content\/uploads\/2023\/11\/user-02-2.png\" alt=\"\">\r\n\t\t\t\t\t\t\t\t\t\t\t\t\t\t\r\n\t\t\t\t\t\t\t\t\t\t\t\t\t\t\t<img decoding=\"async\" src=\"https:\/\/www.dentalturism.com\/wp-content\/uploads\/2023\/11\/user-03-2.png\" alt=\"\">\r\n\t\t\t\t\t\t\t\t\t\t\t\t\t\t\t\t\t\t\t<\/div>\r\n\t\t\t\t\t\t<div class=\"slider-meta-content\">\r\n\t\t\t\t\t\t\t<div class=\"slider-meta-rating\">\r\n\t\t\t\t\t\t\t\t   <span><i class=\"fa-solid fa-star\"><\/i><\/span>\n                              <span><i class=\"fa-solid fa-star\"><\/i><\/span>\n                              <span><i class=\"fa-solid fa-star\"><\/i><\/span>\n                              <span><i class=\"fa-solid fa-star\"><\/i><\/span>\n                              <span><i class=\"fa-solid fa-star\"><\/i><\/span>\t\t\t\t\t\t\t<\/div>\r\n\t\t\t\t\t\t\t<p>Plus de 5000 patients satisfaits<\/p>\r\n\t\t\t\t\t\t<\/div>\r\n\t\t\t\t\t\t<\/div>\r\n\t\t\t\t\t<\/div>\r\n\t\t\t\t<\/div>\r\n\t\t\t\t<div class=\"col-xxl-6 col-xl-6 col-lg-6\">\r\n\t\t\t\t\t<div class=\"slider-thumb-wrapper-2 p-relative z-index-11\">\r\n\t\t\t\t\t\t<div class=\"glow\"><\/div>\r\n\t\t\t\t\t\t<div class=\"slider-thumb-2 wow fadeInRight\" data-wow-delay=\"0.9s\">\r\n\t\t\t\t\t\t   \r\n\t\t\t\t\t\t\t<img decoding=\"async\" src=\"https:\/\/www.dentalturism.com\/wp-content\/uploads\/2024\/08\/DSC08289-1.png\" alt=\"\"\/>\r\n\t\t\t\t\t\t\t\t\t\t\t\t<\/div>\r\n\t\t\t\t\t\t<div class=\"slider-round\"><\/div>\r\n\t\t\t\t\t<\/div>\r\n\t\t\t\t<\/div>\r\n\t\t\t<\/div>\r\n\t\t<\/div>\r\n\t\t<div class=\"banner-social-two d-none d-md-block\">\r\n\t\t<ul>\r\n\t\t\t\r\n\t\t\t<li>\r\n\t\t\t\t<a href=\"https:\/\/www.facebook.com\/\"><i class=\"fab fa-facebook-f\"><\/i><\/a>\r\n\t\t\t<\/li>\r\n\t\t\t\r\n\t\t\t<li>\r\n\t\t\t\t<a href=\"https:\/\/www.facebook.com\/\"><i class=\"fab fa-twitter\"><\/i><\/a>\r\n\t\t\t<\/li>\r\n\t\t\t\r\n\t\t\t<li>\r\n\t\t\t\t<a href=\"https:\/\/www.facebook.com\/\"><i class=\"fab fa-linkedin-in\"><\/i><\/a>\r\n\t\t\t<\/li>\r\n\t\t\t\r\n\t\t\t<li>\r\n\t\t\t\t<a href=\"https:\/\/www.facebook.com\/\"><i class=\"fab fa-instagram\"><\/i><\/a>\r\n\t\t\t<\/li>\r\n\t\t\t\t<\/ul>\r\n\t\t<\/div>\r\n\t<\/section>\r\n\t<!-- Slider area end -->\r\n\r\n\r\n\r\n\r\n             \r\n\t\t\t\t\t\t<\/div>\n\t\t\t\t<\/div>\n\t\t\t\t<\/div>\n\t\t<div class=\"elementor-element elementor-element-e18df9d e-flex e-con-boxed e-con e-parent\" data-id=\"e18df9d\" data-element_type=\"container\" data-e-type=\"container\">\n\t\t\t\t\t<div class=\"e-con-inner\">\n\t\t\t\t<div class=\"elementor-element elementor-element-c94baf0 elementor-widget elementor-widget-text-editor\" data-id=\"c94baf0\" data-element_type=\"widget\" data-e-type=\"widget\" data-widget_type=\"text-editor.default\">\n\t\t\t\t\t\t\t\t\t<table class=\"table_zoo\"><tbody><tr><th class=\"c1\">\u00a0<\/th><th class=\"c3\"><h4 style=\"color: #ffa200;\">L'or<\/h4><\/th><th class=\"c4\"><h4 style=\"color: #c500a7;\">Diamant<\/h4><\/th><\/tr><tr><td class=\"c1\"><strong>G\u00e9n\u00e9ral<\/strong><\/td><td class=\"c3\" align=\"center\">\u00a0<\/td><td class=\"c4\" align=\"center\">\u00a0<\/td><\/tr><tr><td class=\"c1\">Consult si consiliere de specialitate<\/td><td class=\"c3\" align=\"center\"><span class=\"c2\">\u2713<\/span><\/td><td class=\"c4\" align=\"center\"><span class=\"c2\">\u2713<\/span><\/td><\/tr><tr><td class=\"c1\">Anestezie locala (toate tipurile)<\/td><td class=\"c3\" align=\"center\"><span class=\"c2\">\u2713<\/span><\/td><td class=\"c4\" align=\"center\"><span class=\"c2\">\u2713<\/span><\/td><\/tr><tr><td class=\"c1\"><strong>Radiologie<\/strong><\/td><td class=\"c3\" align=\"center\"><span class=\"c2\">\u2713<\/span><\/td><td class=\"c4\" align=\"center\"><span class=\"c2\">\u2713<\/span><\/td><\/tr><tr><td class=\"c1\">Radiographie p\u00e9riapicale ou r\u00e9troalv\u00e9olaire<\/td><td class=\"c3\" align=\"center\"><span class=\"c2\">\u2713<\/span><\/td><td class=\"c4\" align=\"center\"><span class=\"c2\">\u2713<\/span><\/td><\/tr><tr><td class=\"c1\">Radiografii ocluzale<\/td><td class=\"c3\" align=\"center\"><span class=\"c2\">\u2713<\/span><\/td><td class=\"c4\" align=\"center\"><span class=\"c2\">\u2713<\/span><\/td><\/tr><tr><td class=\"c1\">Radiografie bitewing<\/td><td class=\"c3\" align=\"center\"><span class=\"c2\">\u2713<\/span><\/td><td class=\"c4\" align=\"center\"><span class=\"c2\">\u2713<\/span><\/td><\/tr><tr><td class=\"c1\"><strong>Igiena<\/strong><\/td><td class=\"c3\" align=\"center\">\u00a0<\/td><td class=\"c4\" align=\"center\">\u00a0<\/td><\/tr><tr><td class=\"c1\">Detartraj<\/td><td class=\"c3\" align=\"center\"><span class=\"c2\">\u2713<\/span><\/td><td class=\"c4\" align=\"center\"><span class=\"c2\">\u2713<\/span><\/td><\/tr><tr><td class=\"c1\">Periaj<\/td><td class=\"c3\" align=\"center\"><span class=\"c2\">\u2713<\/span><\/td><td class=\"c4\" align=\"center\"><span class=\"c2\">\u2713<\/span><\/td><\/tr><tr><td class=\"c1\">Chiuretajul pungilor parodontale<\/td><td class=\"c3\" align=\"center\"><span class=\"c2\">\u2713<\/span><\/td><td class=\"c4\" align=\"center\"><span class=\"c2\">\u2713<\/span><\/td><\/tr><tr><td class=\"c1\">Traitement de l'albire mecanica a dintilor (Profijet)<\/td><td class=\"c3\" align=\"center\"><span class=\"c2\">\u2713<\/span><\/td><td class=\"c4\" align=\"center\"><span class=\"c2\">\u2713<\/span><\/td><\/tr><tr><td class=\"c1\"><strong>Terapie<\/strong><\/td><td class=\"c3\" align=\"center\">\u00a0<\/td><td class=\"c4\" align=\"center\">\u00a0<\/td><\/tr><tr><td class=\"c1\">D\u00e9sensibiliser<\/td><td class=\"c3\" align=\"center\"><span class=\"c2\">\u2713<\/span><\/td><td class=\"c4\" align=\"center\"><span class=\"c2\">\u2713<\/span><\/td><\/tr><tr><td class=\"c1\">Pansamente dentare (tratament de urgenta)<\/td><td class=\"c3\" align=\"center\"><span class=\"c2\">\u2713<\/span><\/td><td class=\"c4\" align=\"center\"><span class=\"c2\">\u2713<\/span><\/td><\/tr><tr><td class=\"c1\">Obturateurs d'amalgame 1-2 suprafete<\/td><td class=\"c3\" align=\"center\"><span class=\"c2\">\u2713<\/span><\/td><td class=\"c4\" align=\"center\"><span class=\"c2\">\u2713<\/span><\/td><\/tr><tr><td class=\"c1\">Obturatii de amalgam mai multe suprafete<\/td><td class=\"c3\" align=\"center\"><span class=\"c2\">\u2713<\/span><\/td><td class=\"c4\" align=\"center\"><span class=\"c2\">\u2713<\/span><\/td><\/tr><tr><td class=\"c1\">Obturatii fizionomice (compozit) 1-2 suprafete<\/td><td class=\"c3\" align=\"center\"><span class=\"c2\">\u2713<\/span><\/td><td class=\"c4\" align=\"center\"><span class=\"c2\">\u2713<\/span><\/td><\/tr><tr><td class=\"c1\">Obturatii fizionomice (compozit) mai multe suprafete<\/td><td class=\"c3\" align=\"center\"><span class=\"c2\">\u2713<\/span><\/td><td class=\"c4\" align=\"center\"><span class=\"c2\">\u2713<\/span><\/td><\/tr><tr><td class=\"c1\">Coafaj direct si indirect<\/td><td class=\"c3\" align=\"center\"><span class=\"c2\">\u2713<\/span><\/td><td class=\"c4\" align=\"center\"><span class=\"c2\">\u2713<\/span><\/td><\/tr><tr><td class=\"c1\">Obturatii provizorii (traitement d'urgence)<\/td><td class=\"c3\" align=\"center\"><span class=\"c2\">\u2713<\/span><\/td><td class=\"c4\" align=\"center\"><span class=\"c2\">\u2713<\/span><\/td><\/tr><tr><td class=\"c1\">Reconstituer l'amalgame<\/td><td class=\"c3\" align=\"center\"><span class=\"c2\">\u2713<\/span><\/td><td class=\"c4\" align=\"center\"><span class=\"c2\">\u2713<\/span><\/td><\/tr><tr><td class=\"c1\">Reconstituire compozit<\/td><td class=\"c3\" align=\"center\"><span class=\"c2\">\u2713<\/span><\/td><td class=\"c4\" align=\"center\"><span class=\"c2\">\u2713<\/span><\/td><\/tr><tr><td class=\"c1\">Reconstituire cu stift endocanalar<\/td><td class=\"c3\" align=\"center\"><span class=\"c2\">\u2713<\/span><\/td><td class=\"c4\" align=\"center\"><span class=\"c2\">\u2713<\/span><\/td><\/tr><tr><td class=\"c1\">Profil de la sant\u00e9 et de la protection de l'environnement<\/td><td class=\"c3\" align=\"center\"><span class=\"c2\">\u2713<\/span><\/td><td class=\"c4\" align=\"center\"><span class=\"c2\">\u2713<\/span><\/td><\/tr><tr><td class=\"c1\"><strong>Endodontie<\/strong><\/td><td class=\"c3\" align=\"center\">\u00a0<\/td><td class=\"c4\" align=\"center\">\u00a0<\/td><\/tr><tr><td class=\"c1\">Devitalizare \/ extirpare nerv (tratament de urgenta)<\/td><td class=\"c3\" align=\"center\"><span class=\"c2\">\u2713<\/span><\/td><td class=\"c4\" align=\"center\"><span class=\"c2\">\u2713<\/span><\/td><\/tr><tr><td class=\"c1\">Traitement du canal monoradiculaire<\/td><td class=\"c3\" align=\"center\"><span class=\"c2\">\u2713<\/span><\/td><td class=\"c4\" align=\"center\"><span class=\"c2\">\u2713<\/span><\/td><\/tr><tr><td class=\"c1\">Traitement du canal biradiculaire<\/td><td class=\"c3\" align=\"center\"><span class=\"c2\">\u2713<\/span><\/td><td class=\"c4\" align=\"center\"><span class=\"c2\">\u2713<\/span><\/td><\/tr><tr><td class=\"c1\">Traitement du canal triradiculaire<\/td><td class=\"c3\" align=\"center\"><span class=\"c2\">\u2713<\/span><\/td><td class=\"c4\" align=\"center\"><span class=\"c2\">\u2713<\/span><\/td><\/tr><tr><td class=\"c1\">Pulpectomie<\/td><td class=\"c3\" align=\"center\"><span class=\"c2\">\u2713<\/span><\/td><td class=\"c4\" align=\"center\"><span class=\"c2\">\u2713<\/span><\/td><\/tr><tr><td class=\"c1\"><strong>Chirurgie<\/strong><\/td><td class=\"c3\" align=\"center\">\u00a0<\/td><td class=\"c4\" align=\"center\">\u00a0<\/td><\/tr><tr><td class=\"c1\">Extractie simpla<\/td><td class=\"c3\" align=\"center\"><span class=\"c2\">\u2713<\/span><\/td><td class=\"c4\" align=\"center\"><span class=\"c2\">\u2713<\/span><\/td><\/tr><tr><td class=\"c1\">Extractie cu sutura<\/td><td class=\"c3\" align=\"center\"><span class=\"c2\">\u2713<\/span><\/td><td class=\"c4\" align=\"center\"><span class=\"c2\">\u2713<\/span><\/td><\/tr><tr><td class=\"c1\">Extractie resturi radiculare<\/td><td class=\"c3\" align=\"center\"><span class=\"c2\">\u2713<\/span><\/td><td class=\"c4\" align=\"center\"><span class=\"c2\">\u2713<\/span><\/td><\/tr><tr><td class=\"c1\">Extractie chirurgicala<\/td><td class=\"c3\" align=\"center\"><span class=\"c2\">\u2713<\/span><\/td><td class=\"c4\" align=\"center\"><span class=\"c2\">\u2713<\/span><\/td><\/tr><tr><td class=\"c1\">Traitement chirurgical (traitement d'urgence)<\/td><td class=\"c3\" align=\"center\"><span class=\"c2\">\u2713<\/span><\/td><td class=\"c4\" align=\"center\"><span class=\"c2\">\u2713<\/span><\/td><\/tr><tr><td class=\"c1\">Rezectie apicala<\/td><td class=\"c3\" align=\"center\"><span class=\"c2\">\u2713<\/span><\/td><td class=\"c4\" align=\"center\"><span class=\"c2\">\u2713<\/span><\/td><\/tr><tr><td class=\"c1\">Obturatie retrograda<\/td><td class=\"c3\" align=\"center\"><span class=\"c2\">\u2713<\/span><\/td><td class=\"c4\" align=\"center\"><span class=\"c2\">\u2713<\/span><\/td><\/tr><tr><td class=\"c1\">Extraction des donn\u00e9es incluses<\/td><td class=\"c3\" align=\"center\"><span class=\"c2\">\u2713<\/span><\/td><td class=\"c4\" align=\"center\"><span class=\"c2\">\u2713<\/span><\/td><\/tr><tr><td class=\"c1\">Extractie muguri dentari<\/td><td class=\"c3\" align=\"center\"><span class=\"c2\">\u2713<\/span><\/td><td class=\"c4\" align=\"center\"><span class=\"c2\">\u2713<\/span><\/td><\/tr><tr><td class=\"c1\">D\u00e9capusonare (traitement d'urgence)<\/td><td class=\"c3\" align=\"center\"><span class=\"c2\">\u2713<\/span><\/td><td class=\"c4\" align=\"center\"><span class=\"c2\">\u2713<\/span><\/td><\/tr><tr><td class=\"c1\">Tratamentul abceselor (tratament de urgenta)<\/td><td class=\"c3\" align=\"center\"><span class=\"c2\">\u2713<\/span><\/td><td class=\"c4\" align=\"center\"><span class=\"c2\">\u2713<\/span><\/td><\/tr><tr><td class=\"c1\">Rezectie apicala<\/td><td class=\"c3\" align=\"center\"><span class=\"c2\">\u2713<\/span><\/td><td class=\"c4\" align=\"center\"><span class=\"c2\">\u2713<\/span><\/td><\/tr><tr><td class=\"c1\">Obturatie retrograda<\/td><td class=\"c3\" align=\"center\"><span class=\"c2\">\u2713<\/span><\/td><td class=\"c4\" align=\"center\"><span class=\"c2\">\u2713<\/span><\/td><\/tr><tr><td class=\"c1\"><strong>Parodontologie<\/strong><\/td><td class=\"c3\" align=\"center\">\u00a0<\/td><td class=\"c4\" align=\"center\">\u00a0<\/td><\/tr><tr><td class=\"c1\">Chiuretaj parodontal<\/td><td class=\"c3\" align=\"center\"><span class=\"c2\">\u2713<\/span><\/td><td class=\"c4\" align=\"center\"><span class=\"c2\">\u2713<\/span><\/td><\/tr><tr><td class=\"c1\">Marirea coroanei clinice<\/td><td class=\"c3\" align=\"center\"><span class=\"c2\">\u2713<\/span><\/td><td class=\"c4\" align=\"center\"><span class=\"c2\">\u2713<\/span><\/td><\/tr><tr><td class=\"c1\">Imobiliser la dent (attelle)<\/td><td class=\"c3\" align=\"center\"><span class=\"c2\">\u2713<\/span><\/td><td class=\"c4\" align=\"center\"><span class=\"c2\">\u2713<\/span><\/td><\/tr><tr><td class=\"c1\"><strong>P\u00e9dodontie<\/strong><\/td><td class=\"c3\" align=\"center\">\u00a0<\/td><td class=\"c4\" align=\"center\">\u00a0<\/td><\/tr><tr><td class=\"c1\">Extractii dinti temporari<\/td><td class=\"c3\" align=\"center\"><span class=\"c2\">\u2713<\/span><\/td><td class=\"c4\" align=\"center\"><span class=\"c2\">\u2713<\/span><\/td><\/tr><tr><td class=\"c1\">Pulpotomie<\/td><td class=\"c3\" align=\"center\"><span class=\"c2\">\u2713<\/span><\/td><td class=\"c4\" align=\"center\"><span class=\"c2\">\u2713<\/span><\/td><\/tr><tr><td class=\"c1\">Pulpectomie<\/td><td class=\"c3\" align=\"center\"><span class=\"c2\">\u2713<\/span><\/td><td class=\"c4\" align=\"center\"><span class=\"c2\">\u2713<\/span><\/td><\/tr><tr><td class=\"c1\">Obturatii dinti temporari<\/td><td class=\"c3\" align=\"center\"><span class=\"c2\">\u2713<\/span><\/td><td class=\"c4\" align=\"center\"><span class=\"c2\">\u2713<\/span><\/td><\/tr><tr><td class=\"c1\">Profil de l'entreprise et de l'individu<\/td><td class=\"c3\" align=\"center\"><span class=\"c2\">\u2713<\/span><\/td><td class=\"c4\" align=\"center\"><span class=\"c2\">\u2713<\/span><\/td><\/tr><tr><td class=\"c1\"><strong>Discount-uri proteza mobila<\/strong><\/td><td class=\"c3\" align=\"center\">\u00a0<\/td><td class=\"c4\" align=\"center\">\u00a0<\/td><\/tr><tr><td class=\"c1\">Protection totale en cas de surcharge ou de perte de poids<\/td><td class=\"c3\" align=\"center\">25%<\/td><td class=\"c4\" align=\"center\">40%<\/td><\/tr><tr><td class=\"c1\">Proteza partiala acrilica<\/td><td class=\"c3\" align=\"center\">25%<\/td><td class=\"c4\" align=\"center\">40%<\/td><\/tr><tr><td class=\"c1\">Prot\u00e9gez votre plan d'action contre la fraude<\/td><td class=\"c3\" align=\"center\">25%<\/td><td class=\"c4\" align=\"center\">40%<\/td><\/tr><tr><td class=\"c1\">Protection du syst\u00e8me d'ancrage sp\u00e9cial de pr\u00e9cision<\/td><td class=\"c3\" align=\"center\">25%<\/td><td class=\"c4\" align=\"center\">40%<\/td><\/tr><tr><td class=\"c1\">Ancora de precizie<\/td><td class=\"c3\" align=\"center\">25%<\/td><td class=\"c4\" align=\"center\">40%<\/td><\/tr><tr><td class=\"c1\">Sa mobila<\/td><td class=\"c3\" align=\"center\">25%<\/td><td class=\"c4\" align=\"center\">40%<\/td><\/tr><tr><td class=\"c1\">Prot\u00e9ger les provinces<\/td><td class=\"c3\" align=\"center\">25%<\/td><td class=\"c4\" align=\"center\">40%<\/td><\/tr><tr><td class=\"c1\">Peparatii<\/td><td class=\"c3\" align=\"center\">25%<\/td><td class=\"c4\" align=\"center\">40%<\/td><\/tr><tr><td class=\"c1\">Pebazari<\/td><td class=\"c3\" align=\"center\">25%<\/td><td class=\"c4\" align=\"center\">40%<\/td><\/tr><tr><td class=\"c1\"><strong>Discount-uri proteza fixa<\/strong><\/td><td class=\"c3\" align=\"center\">\u00a0<\/td><td class=\"c4\" align=\"center\">\u00a0<\/td><\/tr><tr><td class=\"c1\">Coroane de portelan pe aliaj nobil<\/td><td class=\"c3\" align=\"center\">25%<\/td><td class=\"c4\" align=\"center\">40%<\/td><\/tr><tr><td class=\"c1\">Punti de portelan pe aliaj nobil<\/td><td class=\"c3\" align=\"center\">25%<\/td><td class=\"c4\" align=\"center\">40%<\/td><\/tr><tr><td class=\"c1\">Coroane de portelan pe aliaj seminobil<\/td><td class=\"c3\" align=\"center\">25%<\/td><td class=\"c4\" align=\"center\">40%<\/td><\/tr><tr><td class=\"c1\">Les points d'ancrage pour les autres produits de la soci\u00e9t\u00e9<\/td><td class=\"c3\" align=\"center\">25%<\/td><td class=\"c4\" align=\"center\">40%<\/td><\/tr><tr><td class=\"c1\">Coroane de portelan fara suport metalic (Jacket)<\/td><td class=\"c3\" align=\"center\">25%<\/td><td class=\"c4\" align=\"center\">40%<\/td><\/tr><tr><td class=\"c1\">Punti Maryland<\/td><td class=\"c3\" align=\"center\">25%<\/td><td class=\"c4\" align=\"center\">40%<\/td><\/tr><tr><td class=\"c1\">Les corons et les peines privatives de libert\u00e9<\/td><td class=\"c3\" align=\"center\">25%<\/td><td class=\"c4\" align=\"center\">40%<\/td><\/tr><tr><td class=\"c1\">Coroane telescopice<\/td><td class=\"c3\" align=\"center\">25%<\/td><td class=\"c4\" align=\"center\">40%<\/td><\/tr><tr><td class=\"c1\">Incrustatii (inlay si onlay) metalice<\/td><td class=\"c3\" align=\"center\">25%<\/td><td class=\"c4\" align=\"center\">40%<\/td><\/tr><tr><td class=\"c1\">Incrustatii (inlay si onlay) de portelan<\/td><td class=\"c3\" align=\"center\">25%<\/td><td class=\"c4\" align=\"center\">40%<\/td><\/tr><tr><td class=\"c1\">Reconstituiri turnate<\/td><td class=\"c3\" align=\"center\">25%<\/td><td class=\"c4\" align=\"center\">40%<\/td><\/tr><tr><td class=\"c1\">Coroane de protectie a dintilor temporari<\/td><td class=\"c3\" align=\"center\">25%<\/td><td class=\"c4\" align=\"center\">40%<\/td><\/tr><tr><td class=\"c1\">Fatete de portelan<\/td><td class=\"c3\" align=\"center\">25%<\/td><td class=\"c4\" align=\"center\">40%<\/td><\/tr><tr><td class=\"c1\">Foroane zirconiu-ceramice<\/td><td class=\"c3\" align=\"center\">25%<\/td><td class=\"c4\" align=\"center\">40%<\/td><\/tr><tr><td class=\"c1\">Pointes en zirconium-c\u00e9ramique<\/td><td class=\"c3\" align=\"center\">25%<\/td><td class=\"c4\" align=\"center\">40%<\/td><\/tr><tr><td class=\"c1\"><strong>Discount-uri implantologie<\/strong><\/td><td class=\"c3\" align=\"center\">\u00a0<\/td><td class=\"c4\" align=\"center\">\u00a0<\/td><\/tr><tr><td class=\"c1\">Implanturi osteointegrate<\/td><td class=\"c3\" align=\"center\">&#8211;<\/td><td class=\"c4\" align=\"center\">20%<\/td><\/tr><tr><td class=\"c1\">Chirurgie pr\u00e9implantologique (grefe osoase, lifting des sinus, etc.)<\/td><td class=\"c3\" align=\"center\">&#8211;<\/td><td class=\"c4\" align=\"center\">20%<\/td><\/tr><tr><td class=\"c1\">Syst\u00e8mes d'implantologie de diverses natures<\/td><td class=\"c3\" align=\"center\">&#8211;<\/td><td class=\"c4\" align=\"center\">20%<\/td><\/tr><tr><td class=\"c1\"><strong>Terapie Laser<\/strong><\/td><td class=\"c3\" align=\"center\">\u00a0<\/td><td class=\"c4\" align=\"center\">\u00a0<\/td><\/tr><tr><td class=\"c1\">Traitement laser biomodulaire<\/td><td class=\"c3\" align=\"center\">&#8211;<\/td><td class=\"c4\" align=\"center\">20%<\/td><\/tr><tr><td class=\"c1\">Traitement laser<\/td><td class=\"c3\" align=\"center\">&#8211;<\/td><td class=\"c4\" align=\"center\">20%<\/td><\/tr><tr><td class=\"c1\">Traitement de l'alb\u00e2tre au laser<\/td><td class=\"c3\" align=\"center\">&#8211;<\/td><td class=\"c4\" align=\"center\">20%<\/td><\/tr><tr><td class=\"c1\">Traitement laser de l'endodontie<\/td><td class=\"c3\" align=\"center\">&#8211;<\/td><td class=\"c4\" align=\"center\">20%<\/td><\/tr><tr><td class=\"c1\">Tratament laser chirurgie<\/td><td class=\"c3\" align=\"center\">&#8211;<\/td><td class=\"c4\" align=\"center\">20%<\/td><\/tr><\/tbody><\/table>\t\t\t\t\t\t\t\t<\/div>\n\t\t\t\t\t<\/div>\n\t\t\t\t<\/div>\n\t\t\t\t<\/div>","protected":false},"excerpt":{"rendered":"<p>Dental Turism Clinic Unveiling the Power of a Confident Smile Discover the transformative impact of a confident smile\u2014where every treatment is designed not just to enhance your appearance, but to empower you with the confidence that comes from a healthy, radiant smile. Contact Us Contact Us 5000+ Happy Patients \u00a0 Gold Diamond General \u00a0 \u00a0 [&hellip;]<\/p>\n","protected":false},"author":1,"featured_media":0,"parent":0,"menu_order":0,"comment_status":"closed","ping_status":"open","template":"elementor_header_footer","meta":{"inline_featured_image":false,"footnotes":""},"class_list":["post-2465","page","type-page","status-publish","hentry"],"_links":{"self":[{"href":"https:\/\/www.dentalturism.com\/fr\/wp-json\/wp\/v2\/pages\/2465","targetHints":{"allow":["GET"]}}],"collection":[{"href":"https:\/\/www.dentalturism.com\/fr\/wp-json\/wp\/v2\/pages"}],"about":[{"href":"https:\/\/www.dentalturism.com\/fr\/wp-json\/wp\/v2\/types\/page"}],"author":[{"embeddable":true,"href":"https:\/\/www.dentalturism.com\/fr\/wp-json\/wp\/v2\/users\/1"}],"replies":[{"embeddable":true,"href":"https:\/\/www.dentalturism.com\/fr\/wp-json\/wp\/v2\/comments?post=2465"}],"version-history":[{"count":0,"href":"https:\/\/www.dentalturism.com\/fr\/wp-json\/wp\/v2\/pages\/2465\/revisions"}],"wp:attachment":[{"href":"https:\/\/www.dentalturism.com\/fr\/wp-json\/wp\/v2\/media?parent=2465"}],"curies":[{"name":"wp","href":"https:\/\/api.w.org\/{rel}","templated":true}]}}