{"id":557,"date":"2023-11-19T14:03:27","date_gmt":"2023-11-19T14:03:27","guid":{"rendered":"https:\/\/gramentheme.com\/wp\/dogri\/?page_id=557"},"modified":"2024-09-03T12:36:40","modified_gmt":"2024-09-03T12:36:40","slug":"service","status":"publish","type":"page","link":"https:\/\/www.dentalturism.com\/fr\/service\/","title":{"rendered":"Service"},"content":{"rendered":"<div data-elementor-type=\"wp-page\" data-elementor-id=\"557\" class=\"elementor elementor-557\" data-elementor-post-type=\"page\">\n\t\t\t\t<div class=\"elementor-element elementor-element-e2c452e e-con-full e-flex e-con e-parent\" data-id=\"e2c452e\" data-element_type=\"container\" data-e-type=\"container\">\n\t\t\t\t<div class=\"elementor-element elementor-element-a954ff3 elementor-widget elementor-widget-dogri_service_post_widget\" data-id=\"a954ff3\" data-element_type=\"widget\" data-e-type=\"widget\" data-widget_type=\"dogri_service_post_widget.default\">\n\t\t\t\t<div class=\"elementor-widget-container\">\n\t\t\t\t\t\r\n\t<!-- What we do area start -->\r\n\t<section class=\"what-we-do-area section-space p-relative\">\r\n\t\t<div class=\"container\">\r\n\t\t<div class=\"row g-5 align-items-end justify-content-between section-title-space\">\r\n\t\t\t<div class=\"col-xxl-6 co-xl-6 col-lg-6\">\r\n\t\t\t\t\t\t\t\t<div class=\"section-title-wrapper-5\">\r\n\t\t\t\t\t\t\t\t\t\t\t<div class=\"section-subtitle-6 mb-20\">\r\n\t\t\t\t\t\t<span>Notre service<\/span>\r\n\t\t\t\t\t<\/div>\r\n\t\t\t\t\t\t\t\t\t\t\t\t\t\t\t\t<h2 class=\"section-title-3\">Les meilleurs services m\u00e9dicaux<\/h2>\r\n\t\t\t\t\t\t\t\t\t<\/div>\r\n\t\t\t\t\t\t\t<\/div>\r\n\t\t\t<div class=\"col-xxl-5 co-xl-5 col-lg-6\">\r\n\t\t\t\t\t\t\t<div class=\"section-short-intro\">\r\n\t\t\t\t\t<p><\/p>\r\n\t\t\t\t\t<a class=\"text-btn\" href=\"\/fr\/dogri\/service\/\">Voir tout<span><i class=\"fa-regular fa-angle-right\"><\/i><\/span><\/a>\r\n\t\t\t\t<\/div>\r\n\t\t\t\t\t\t\t<\/div>\r\n\t\t<\/div>\r\n\t\t<div class=\"row gy-50 align-items-center\">\r\n\t\t\t\t\t<div class=\"col-xl-4 co-xl-4 col-lg-4\">\r\n\t\t\t\t<div class=\"what-we-do-item wow fadeIn\" data-wow-delay=\".3s\">\r\n\t\t\t\t\t<div class=\"what-we-do-icon\">\r\n\t\t\t\t\t<span>\r\n\t\t\t\t\t\t\t\t\t\t\t\t\t<img decoding=\"async\" src=\"https:\/\/www.dentalturism.com\/wp-content\/uploads\/2024\/08\/Implantology.svg\" alt=\"ic\u00f4ne\">\r\n\t\t\t\t\t\t\t\t\t\t\t\t<\/span>\r\n\t\t\t\t\t<\/div>\r\n\t\t\t\t\t<div class=\"what-we-do-content\">\r\n\t\t\t\t\t<h4><a href=\"https:\/\/www.dentalturism.com\/fr\/services\/implantologie\/\">Implantologie<\/a><\/h4>\r\n\t\t\t\t\t<p>L'implantologie orale est aujourd'hui la base de la reconstruction des patrimoines dentaires perdus, \u00e0 l'identique du naturel, sans<\/p>\r\n\t\t\t\t\t<\/div>\r\n\t\t\t\t\t<a class=\"round-link-40\" href=\"https:\/\/www.dentalturism.com\/fr\/services\/implantologie\/\"><i class=\"fa-regular fa-angle-right\"><\/i><\/a>\r\n\t\t\t\t<\/div>\r\n\t\t\t<\/div>\r\n\t\t\t\t\t\t<div class=\"col-xl-4 co-xl-4 col-lg-4\">\r\n\t\t\t\t<div class=\"what-we-do-item wow fadeIn\" data-wow-delay=\".3s\">\r\n\t\t\t\t\t<div class=\"what-we-do-icon\">\r\n\t\t\t\t\t<span>\r\n\t\t\t\t\t\t\t\t\t\t\t\t\t<img decoding=\"async\" src=\"https:\/\/www.dentalturism.com\/wp-content\/uploads\/2024\/08\/Dental-Aesthetics.svg\" alt=\"ic\u00f4ne\">\r\n\t\t\t\t\t\t\t\t\t\t\t\t<\/span>\r\n\t\t\t\t\t<\/div>\r\n\t\t\t\t\t<div class=\"what-we-do-content\">\r\n\t\t\t\t\t<h4><a href=\"https:\/\/www.dentalturism.com\/fr\/services\/lesthetique-dentaire\/\">Esth\u00e9tique dentaire<\/a><\/h4>\r\n\t\t\t\t\t<p>Les mat\u00e9riaux et la technologie modernes permettent des restaurations extr\u00eamement pr\u00e9cises et esth\u00e9tiques, quelle que soit l'amplitude de la maladie.<\/p>\r\n\t\t\t\t\t<\/div>\r\n\t\t\t\t\t<a class=\"round-link-40\" href=\"https:\/\/www.dentalturism.com\/fr\/services\/lesthetique-dentaire\/\"><i class=\"fa-regular fa-angle-right\"><\/i><\/a>\r\n\t\t\t\t<\/div>\r\n\t\t\t<\/div>\r\n\t\t\t\t\t\t<div class=\"col-xl-4 co-xl-4 col-lg-4\">\r\n\t\t\t\t<div class=\"what-we-do-item wow fadeIn\" data-wow-delay=\".3s\">\r\n\t\t\t\t\t<div class=\"what-we-do-icon\">\r\n\t\t\t\t\t<span>\r\n\t\t\t\t\t\t\t\t\t\t\t\t\t<img decoding=\"async\" src=\"https:\/\/www.dentalturism.com\/wp-content\/uploads\/2024\/08\/Periodontics.svg\" alt=\"ic\u00f4ne\">\r\n\t\t\t\t\t\t\t\t\t\t\t\t<\/span>\r\n\t\t\t\t\t<\/div>\r\n\t\t\t\t\t<div class=\"what-we-do-content\">\r\n\t\t\t\t\t<h4><a href=\"https:\/\/www.dentalturism.com\/fr\/services\/parodontologie\/\">Parodontie<\/a><\/h4>\r\n\t\t\t\t\t<p>Les maladies parodontales rev\u00eatent de nombreuses formes diff\u00e9rentes mais sont g\u00e9n\u00e9ralement le r\u00e9sultat d'une coalescence<\/p>\r\n\t\t\t\t\t<\/div>\r\n\t\t\t\t\t<a class=\"round-link-40\" href=\"https:\/\/www.dentalturism.com\/fr\/services\/parodontologie\/\"><i class=\"fa-regular fa-angle-right\"><\/i><\/a>\r\n\t\t\t\t<\/div>\r\n\t\t\t<\/div>\r\n\t\t\t\t\t\t<div class=\"col-xl-4 co-xl-4 col-lg-4\">\r\n\t\t\t\t<div class=\"what-we-do-item wow fadeIn\" data-wow-delay=\".3s\">\r\n\t\t\t\t\t<div class=\"what-we-do-icon\">\r\n\t\t\t\t\t<span>\r\n\t\t\t\t\t\t\t\t\t\t\t\t\t<img decoding=\"async\" src=\"https:\/\/www.dentalturism.com\/wp-content\/uploads\/2024\/08\/Endodontics.svg\" alt=\"ic\u00f4ne\">\r\n\t\t\t\t\t\t\t\t\t\t\t\t<\/span>\r\n\t\t\t\t\t<\/div>\r\n\t\t\t\t\t<div class=\"what-we-do-content\">\r\n\t\t\t\t\t<h4><a href=\"https:\/\/www.dentalturism.com\/fr\/services\/endodontie\/\">Endodontie<\/a><\/h4>\r\n\t\t\t\t\t<p>L'endodontie est l'une des sp\u00e9cialit\u00e9s dentaires qui s'occupe de la pulpe dentaire et de l'appareil locomoteur.<\/p>\r\n\t\t\t\t\t<\/div>\r\n\t\t\t\t\t<a class=\"round-link-40\" href=\"https:\/\/www.dentalturism.com\/fr\/services\/endodontie\/\"><i class=\"fa-regular fa-angle-right\"><\/i><\/a>\r\n\t\t\t\t<\/div>\r\n\t\t\t<\/div>\r\n\t\t\t\t\t\t<div class=\"col-xl-4 co-xl-4 col-lg-4\">\r\n\t\t\t\t<div class=\"what-we-do-item wow fadeIn\" data-wow-delay=\".3s\">\r\n\t\t\t\t\t<div class=\"what-we-do-icon\">\r\n\t\t\t\t\t<span>\r\n\t\t\t\t\t\t\t\t\t\t\t\t\t<img decoding=\"async\" src=\"https:\/\/www.dentalturism.com\/wp-content\/uploads\/2023\/12\/odontotherapy.svg\" alt=\"ic\u00f4ne\">\r\n\t\t\t\t\t\t\t\t\t\t\t\t<\/span>\r\n\t\t\t\t\t<\/div>\r\n\t\t\t\t\t<div class=\"what-we-do-content\">\r\n\t\t\t\t\t<h4><a href=\"https:\/\/www.dentalturism.com\/fr\/services\/odontotherapie\/\">Odontoth\u00e9rapie<\/a><\/h4>\r\n\t\t\t\t\t<p>Les diff\u00e9rents probl\u00e8mes, des simples caries aux complications graves, peuvent \u00eatre \u00e9limin\u00e9s gr\u00e2ce \u00e0 des soins odontologiques ad\u00e9quats.<\/p>\r\n\t\t\t\t\t<\/div>\r\n\t\t\t\t\t<a class=\"round-link-40\" href=\"https:\/\/www.dentalturism.com\/fr\/services\/odontotherapie\/\"><i class=\"fa-regular fa-angle-right\"><\/i><\/a>\r\n\t\t\t\t<\/div>\r\n\t\t\t<\/div>\r\n\t\t\t\t\t\t<div class=\"col-xl-4 co-xl-4 col-lg-4\">\r\n\t\t\t\t<div class=\"what-we-do-item wow fadeIn\" data-wow-delay=\".3s\">\r\n\t\t\t\t\t<div class=\"what-we-do-icon\">\r\n\t\t\t\t\t<span>\r\n\t\t\t\t\t\t\t\t\t\t\t\t\t<img decoding=\"async\" src=\"https:\/\/www.dentalturism.com\/wp-content\/uploads\/2024\/08\/prophylaxis.svg\" alt=\"ic\u00f4ne\">\r\n\t\t\t\t\t\t\t\t\t\t\t\t<\/span>\r\n\t\t\t\t\t<\/div>\r\n\t\t\t\t\t<div class=\"what-we-do-content\">\r\n\t\t\t\t\t<h4><a href=\"https:\/\/www.dentalturism.com\/fr\/services\/prophylaxie\/\">Prophylaxie<\/a><\/h4>\r\n\t\t\t\t\t<p>La m\u00e9decine pr\u00e9ventive, les soins pr\u00e9ventifs ou la prophylaxie consistent en des mesures prises pour pr\u00e9venir les maladies (ou les infections).<\/p>\r\n\t\t\t\t\t<\/div>\r\n\t\t\t\t\t<a class=\"round-link-40\" href=\"https:\/\/www.dentalturism.com\/fr\/services\/prophylaxie\/\"><i class=\"fa-regular fa-angle-right\"><\/i><\/a>\r\n\t\t\t\t<\/div>\r\n\t\t\t<\/div>\r\n\t\t\t\t\t\t<div class=\"col-xl-4 co-xl-4 col-lg-4\">\r\n\t\t\t\t<div class=\"what-we-do-item wow fadeIn\" data-wow-delay=\".3s\">\r\n\t\t\t\t\t<div class=\"what-we-do-icon\">\r\n\t\t\t\t\t<span>\r\n\t\t\t\t\t\t\t\t\t\t\t\t\t<img decoding=\"async\" src=\"https:\/\/www.dentalturism.com\/wp-content\/uploads\/2023\/12\/Pedodontics.svg\" alt=\"ic\u00f4ne\">\r\n\t\t\t\t\t\t\t\t\t\t\t\t<\/span>\r\n\t\t\t\t\t<\/div>\r\n\t\t\t\t\t<div class=\"what-we-do-content\">\r\n\t\t\t\t\t<h4><a href=\"https:\/\/www.dentalturism.com\/fr\/services\/pedodontie\/\">P\u00e9dodontie<\/a><\/h4>\r\n\t\t\t\t\t<p>Nous abordons l'enfant avec sensibilit\u00e9 et compr\u00e9hension afin qu'il puisse \u00e9tablir une relation de confiance avec les personnes suivantes<\/p>\r\n\t\t\t\t\t<\/div>\r\n\t\t\t\t\t<a class=\"round-link-40\" href=\"https:\/\/www.dentalturism.com\/fr\/services\/pedodontie\/\"><i class=\"fa-regular fa-angle-right\"><\/i><\/a>\r\n\t\t\t\t<\/div>\r\n\t\t\t<\/div>\r\n\t\t\t\t\t\t<div class=\"col-xl-4 co-xl-4 col-lg-4\">\r\n\t\t\t\t<div class=\"what-we-do-item wow fadeIn\" data-wow-delay=\".3s\">\r\n\t\t\t\t\t<div class=\"what-we-do-icon\">\r\n\t\t\t\t\t<span>\r\n\t\t\t\t\t\t\t\t\t\t\t\t\t<img decoding=\"async\" src=\"https:\/\/www.dentalturism.com\/wp-content\/uploads\/2023\/12\/Orthodontics.svg\" alt=\"ic\u00f4ne\">\r\n\t\t\t\t\t\t\t\t\t\t\t\t<\/span>\r\n\t\t\t\t\t<\/div>\r\n\t\t\t\t\t<div class=\"what-we-do-content\">\r\n\t\t\t\t\t<h4><a href=\"https:\/\/www.dentalturism.com\/fr\/services\/orthodontie\/\">Orthodontie<\/a><\/h4>\r\n\t\t\t\t\t<p>L'orthodontie est une branche de la dentisterie qui se sp\u00e9cialise dans le traitement des patients pr\u00e9sentant un mauvais positionnement de la t\u00eate et du cou.<\/p>\r\n\t\t\t\t\t<\/div>\r\n\t\t\t\t\t<a class=\"round-link-40\" href=\"https:\/\/www.dentalturism.com\/fr\/services\/orthodontie\/\"><i class=\"fa-regular fa-angle-right\"><\/i><\/a>\r\n\t\t\t\t<\/div>\r\n\t\t\t<\/div>\r\n\t\t\t\t\t<\/div>\r\n\t\t<\/div>\r\n\t<\/section>\r\n\t<!-- What we do area end -->\r\n\r\n\r\n\t\t\r\n\r\n\r\n\r\n\t\t\t\t\t<\/div>\n\t\t\t\t<\/div>\n\t\t\t\t<\/div>\n\t\t<div class=\"elementor-element elementor-element-6b82637 e-con-full e-flex e-con e-parent\" data-id=\"6b82637\" data-element_type=\"container\" data-e-type=\"container\">\n\t\t\t\t<div class=\"elementor-element elementor-element-d7d2d7a elementor-widget elementor-widget-intro_widget\" data-id=\"d7d2d7a\" data-element_type=\"widget\" data-e-type=\"widget\" data-widget_type=\"intro_widget.default\">\n\t\t\t\t<div class=\"elementor-widget-container\">\n\t\t\t\t\t\r\n\r\n\t <script>\r\n jQuery(document).ready(function($) {\r\n\r\n\/\/write js code under this line \r\n\r\n\r\n\/\/write code above the line \r\n\r\n  });\r\n<\/script>\r\n   <!-- Intro area star -->\r\n   <div class=\"intro-area section-space p-relative\">\r\n      <div class=\"intro-bg\">\r\n         <div class=\"intro-bg-thumb include-bg\" data-background=\"https:\/\/www.dentalturism.com\/wp-content\/uploads\/2023\/11\/intro-bg-1.png\"><\/div>\r\n      <\/div>\r\n      <div class=\"container\">\r\n         <div class=\"row justify-content-center\">\r\n            <div class=\"col-xxl-7 col-xl-9 col-lg-10\">\r\n               <div class=\"section-title-wrapper is-white text-center wow fadeInUp\" data-wow-delay=\"0.3s\">\r\n                  <h2 class=\"section-title section-title-spacing\">Prenez votre sant\u00e9 en main d\u00e8s aujourd'hui et prenez rendez-vous pour une consultation<\/h2>\r\n                  <a href=\"https:\/\/www.dentalturism.com\/fr\/domicile\/appointment\/\" class=\"fill-btn secondary\">\r\n                     <span class=\"fill-btn-inner\">\r\n                        <span class=\"fill-btn-normal\">prendre rendez-vous<i class=\"fa-regular fa-angle-right\"><\/i><\/span>\r\n                        <span class=\"fill-btn-hover\">prendre rendez-vous<i class=\"fa-regular fa-angle-right\"><\/i><\/span>\r\n                     <\/span>\r\n                  <\/a>\r\n               <\/div>\r\n            <\/div>\r\n         <\/div>\r\n      <\/div>\r\n   <\/div>\r\n   <!-- Intro area end -->\r\n   \t\r\n\r\n\r\n\r\n             \r\n\t\t\t\t\t\t<\/div>\n\t\t\t\t<\/div>\n\t\t\t\t<\/div>\n\t\t<div class=\"elementor-element elementor-element-7756554 e-con-full e-flex e-con e-parent\" data-id=\"7756554\" data-element_type=\"container\" data-e-type=\"container\">\n\t\t\t\t<div class=\"elementor-element elementor-element-52addbf elementor-widget elementor-widget-benefit_tab\" data-id=\"52addbf\" data-element_type=\"widget\" data-e-type=\"widget\" data-widget_type=\"benefit_tab.default\">\n\t\t\t\t<div class=\"elementor-widget-container\">\n\t\t\t\t\t\r\n\r\n\t <script>\r\n jQuery(document).ready(function($) {\r\n\r\n\/\/write js code under this line \r\n\r\n\r\n\/\/write code above the line \r\n\r\n  });\r\n<\/script>\r\n   <!-- FAQ area start -->\r\n   <section class=\"faq__area section-space\">\r\n         <div class=\"container\">\r\n            <div class=\"row gy-50 wow fadeInUp\" data-wow-delay=\".3s\">\r\n               <div class=\"col-xxl-5 col-xl-5 col-lg-6\">\r\n                  <div class=\"faq__content bd-sticky\">\r\n                     <div class=\"section-title-wrapper-2 mb-15\">\r\n                        <span class=\"section-subtitle-2 mb-25\">LIRE LA FAQ<\/span>\r\n                        <h2 class=\"section-title\">Il y a beaucoup de questions communes ici !<\/h2>\r\n                     <\/div>\r\n                     <p class=\"mb-40\">Lorem ipsum dolor sit amet consectetur adipisng elit Ut et massa mi. Aliquam in hendrerit urna.\n                     Pellentesque sit amet sapiengilla<\/p>\r\n                     <a href=\"\/fr\/dogri\/contact\/\" class=\"fill-btn\">\r\n                        <span class=\"fill-btn-inner\">\r\n                           <span class=\"fill-btn-normal\">Contact<i class=\"fa-regular fa-angle-right\"><\/i><\/span>\r\n                           <span class=\"fill-btn-hover\">Contact<i class=\"fa-regular fa-angle-right\"><\/i><\/span>\r\n                        <\/span>\r\n                     <\/a>\r\n                  <\/div>\r\n               <\/div>\r\n               <div class=\"col-xxl-7 col-xl-7 col-lg-6\">\r\n                  <div class=\"bd__faq\">\r\n\t\t\t\t  \t\t\t\t\t<div class=\"accordion-item\">\r\n\t\t\t\t\t\t<h2 class=\"accordion-header\" id=\"heading2f87939-st-2\">\r\n\t\t\t\t\t\t\t<button class=\"accordion-button\" type=\"button\" data-bs-toggle=\"collapse\"\r\n\t\t\t\t\t\t\tdata-bs-target=\"#collapse2f87939-st-2\" aria-expanded=\"true\"\r\n\t\t\t\t\t\t\taria-controls=\"collapse2f87939-st-2\">\r\n\t\t\t\t\t\t\t\r\n\t\t\t\t\t\t\tQuelles sont les exigences d'un portefeuille ?\t\t\t\t\t\t\t<\/button>\r\n\t\t\t\t\t\t<\/h2>\r\n\t\t\t\t\t\t<div id=\"collapse2f87939-st-2\" class=\"accordion-collapse collapse show\"\r\n\t\t\t\t\t\t\taria-labelledby=\"heading2f87939-st-2\" data-bs-parent=\"#accordionExample-st-2subtitlefaq-1304634286\">\r\n\t\t\t\t\t\t\t<div class=\"accordion-body\">\r\n\t\t\t\t\t\t\tPellentesque commodo lacus at sodales sodales. uisque sagittis orci ut diam\n                                    condimentum, vel euismod erat Pellentesque commodo lacus at sodales sodales. Quisque\n                                    . placerat. In iaculis arcu eros, eget tempus orci facilisis id. Morbi quam velit,\n                                    euismd in imperdiet vitae.\t\t\t\t\t\t\t<\/div>\r\n\t\t\t\t\t\t<\/div>\r\n\t\t\t\t\t<\/div>\r\n\t\t\t\t\t\t\t\t\t\t<div class=\"accordion-item\">\r\n\t\t\t\t\t\t<h2 class=\"accordion-header\" id=\"heading060635d-st-2\">\r\n\t\t\t\t\t\t\t<button class=\"accordion-button collapsed\" type=\"button\" data-bs-toggle=\"collapse\"\r\n\t\t\t\t\t\t\tdata-bs-target=\"#collapse060635d-st-2\" aria-expanded=\"true\"\r\n\t\t\t\t\t\t\taria-controls=\"collapse060635d-st-2\">\r\n\t\t\t\t\t\t\t\r\n\t\t\t\t\t\t\tQuelle est l'\u00e9valuation fond\u00e9e sur la recherche ?\t\t\t\t\t\t\t<\/button>\r\n\t\t\t\t\t\t<\/h2>\r\n\t\t\t\t\t\t<div id=\"collapse060635d-st-2\" class=\"accordion-collapse collapse\"\r\n\t\t\t\t\t\t\taria-labelledby=\"heading060635d-st-2\" data-bs-parent=\"#accordionExample-st-2subtitlefaq-1304634286\">\r\n\t\t\t\t\t\t\t<div class=\"accordion-body\">\r\n\t\t\t\t\t\t\tPellentesque commodo lacus at sodales sodales. uisque sagittis orci ut diam\n                                    condimentum, vel euismod erat Pellentesque commodo lacus at sodales sodales. Quisque\n                                    . placerat. In iaculis arcu eros, eget tempus orci facilisis id. Morbi quam velit,\n                                    euismd in imperdiet vitae.\t\t\t\t\t\t\t<\/div>\r\n\t\t\t\t\t\t<\/div>\r\n\t\t\t\t\t<\/div>\r\n\t\t\t\t\t\t\t\t\t\t<div class=\"accordion-item\">\r\n\t\t\t\t\t\t<h2 class=\"accordion-header\" id=\"headinge3ee6a2-st-2\">\r\n\t\t\t\t\t\t\t<button class=\"accordion-button collapsed\" type=\"button\" data-bs-toggle=\"collapse\"\r\n\t\t\t\t\t\t\tdata-bs-target=\"#collapsee3ee6a2-st-2\" aria-expanded=\"true\"\r\n\t\t\t\t\t\t\taria-controls=\"collapsee3ee6a2-st-2\">\r\n\t\t\t\t\t\t\t\r\n\t\t\t\t\t\t\tQuelles sont les exigences d'un portefeuille ?\t\t\t\t\t\t\t<\/button>\r\n\t\t\t\t\t\t<\/h2>\r\n\t\t\t\t\t\t<div id=\"collapsee3ee6a2-st-2\" class=\"accordion-collapse collapse\"\r\n\t\t\t\t\t\t\taria-labelledby=\"headinge3ee6a2-st-2\" data-bs-parent=\"#accordionExample-st-2subtitlefaq-1304634286\">\r\n\t\t\t\t\t\t\t<div class=\"accordion-body\">\r\n\t\t\t\t\t\t\tPellentesque commodo lacus at sodales sodales. uisque sagittis orci ut diam\n                                    condimentum, vel euismod erat Pellentesque commodo lacus at sodales sodales. Quisque\n                                    . placerat. In iaculis arcu eros, eget tempus orci facilisis id. Morbi quam velit,\n                                    euismd in imperdiet vitae.\t\t\t\t\t\t\t<\/div>\r\n\t\t\t\t\t\t<\/div>\r\n\t\t\t\t\t<\/div>\r\n\t\t\t\t\t\t\t\t\t\t<div class=\"accordion-item\">\r\n\t\t\t\t\t\t<h2 class=\"accordion-header\" id=\"headingaca7d89-st-2\">\r\n\t\t\t\t\t\t\t<button class=\"accordion-button collapsed\" type=\"button\" data-bs-toggle=\"collapse\"\r\n\t\t\t\t\t\t\tdata-bs-target=\"#collapseaca7d89-st-2\" aria-expanded=\"true\"\r\n\t\t\t\t\t\t\taria-controls=\"collapseaca7d89-st-2\">\r\n\t\t\t\t\t\t\t\r\n\t\t\t\t\t\t\tComment envoyer de l'argent en ligne ?\t\t\t\t\t\t\t<\/button>\r\n\t\t\t\t\t\t<\/h2>\r\n\t\t\t\t\t\t<div id=\"collapseaca7d89-st-2\" class=\"accordion-collapse collapse\"\r\n\t\t\t\t\t\t\taria-labelledby=\"headingaca7d89-st-2\" data-bs-parent=\"#accordionExample-st-2subtitlefaq-1304634286\">\r\n\t\t\t\t\t\t\t<div class=\"accordion-body\">\r\n\t\t\t\t\t\t\tPellentesque commodo lacus at sodales sodales. uisque sagittis orci ut diam\n                                    condimentum, vel euismod erat Pellentesque commodo lacus at sodales sodales. Quisque\n                                    . placerat. In iaculis arcu eros, eget tempus orci facilisis id. Morbi quam velit,\n                                    euismd in imperdiet vitae.\t\t\t\t\t\t\t<\/div>\r\n\t\t\t\t\t\t<\/div>\r\n\t\t\t\t\t<\/div>\r\n\t\t\t\t\t                  <\/div>\r\n               <\/div>\r\n            <\/div>\r\n         <\/div>\r\n      <\/section>\r\n      <!-- FAQ area end -->\r\n\t\r\n\r\n\r\n\r\n             \r\n\t\t\t\t\t\t<\/div>\n\t\t\t\t<\/div>\n\t\t\t\t<\/div>\n\t\t<div class=\"elementor-element elementor-element-632418f e-con-full e-flex e-con e-parent\" data-id=\"632418f\" data-element_type=\"container\" data-e-type=\"container\">\n\t\t\t\t<div class=\"elementor-element elementor-element-a4d56d0 elementor-widget elementor-widget-newsletter_widget\" data-id=\"a4d56d0\" data-element_type=\"widget\" data-e-type=\"widget\" data-widget_type=\"newsletter_widget.default\">\n\t\t\t\t<div class=\"elementor-widget-container\">\n\t\t\t\t\t\r\n\r\n\t <script>\r\n jQuery(document).ready(function($) {\r\n\r\n\/\/write js code under this line \r\n\r\n\r\n\/\/write code above the line \r\n\r\n  });\r\n<\/script>\r\n   <!-- Newsletter area start -->\r\n   <section class=\"newsletter-area p-relative\">\r\n      <div class=\"newsletter-overlay theme-bg-3\"><\/div>\r\n      <div class=\"container\">\r\n         <div class=\"newsletter-grid p-relative\">\r\n            <div class=\"intro-bg\">\r\n               <div class=\"intro-bg-thumb include-bg\" data-background=\"https:\/\/www.dentalturism.com\/wp-content\/uploads\/2023\/11\/intro-bg-1.png\"><\/div>\r\n            <\/div>\r\n            <div class=\"row gy-4 align-items-center\">\r\n               <div class=\"col-xxl-6 col-xl-6 col-lg-6\">\r\n                  <div class=\"newsletter-content\">\r\n                     <h3 class=\"newsletter-title\">S'abonner \u00e0 notre lettre d'information<\/h3>\r\n                  <\/div>\r\n               <\/div>\r\n               <div class=\"col-xxl-6 col-xl-6 col-lg-6\">\r\n                  <div class=\"newsletter-form\">\r\n\t\t\t\t  \t\n<div class=\"wpcf7 no-js\" id=\"wpcf7-f418-o1\" lang=\"en-US\" dir=\"ltr\" data-wpcf7-id=\"418\">\n<div class=\"screen-reader-response\"><p role=\"status\" aria-live=\"polite\" aria-atomic=\"true\"><\/p> <ul><\/ul><\/div>\n<form action=\"\/fr\/wp-json\/wp\/v2\/pages\/557#wpcf7-f418-o1\" method=\"post\" class=\"wpcf7-form init\" aria-label=\"Formulaire de contact\" novalidate=\"novalidate\" data-status=\"init\" data-trp-original-action=\"\/fr\/wp-json\/wp\/v2\/pages\/557#wpcf7-f418-o1\">\n<fieldset class=\"hidden-fields-container\"><input type=\"hidden\" name=\"_wpcf7\" value=\"418\" \/><input type=\"hidden\" name=\"_wpcf7_version\" value=\"6.1.5\" \/><input type=\"hidden\" name=\"_wpcf7_locale\" value=\"en_US\" \/><input type=\"hidden\" name=\"_wpcf7_unit_tag\" value=\"wpcf7-f418-o1\" \/><input type=\"hidden\" name=\"_wpcf7_container_post\" value=\"0\" \/><input type=\"hidden\" name=\"_wpcf7_posted_data_hash\" value=\"\" \/>\n<\/fieldset>\n<div class=\"newsletter-input p-relative\">\n\t<p><span class=\"wpcf7-form-control-wrap\" data-name=\"email-765\"><input size=\"40\" maxlength=\"400\" class=\"wpcf7-form-control wpcf7-email wpcf7-validates-as-required wpcf7-text wpcf7-validates-as-email\" aria-required=\"true\" aria-invalid=\"false\" placeholder=\"Saisir l&#039;adresse \u00e9lectronique\" value=\"\" type=\"email\" name=\"email-765\" \/><\/span><button class=\"fill-btn-1\" type=\"submit\"><span class=\"fill-btn-inner\"><span class=\"fill-btn-normal\">S'abonner<\/span><\/span><\/button>\n\t<\/p>\n<\/div><div class=\"wpcf7-response-output\" aria-hidden=\"true\"><\/div>\n<input type=\"hidden\" name=\"trp-form-language\" value=\"fr\"\/><\/form>\n<\/div>\n                  <\/div>\r\n               <\/div>\r\n            <\/div>\r\n         <\/div>\r\n      <\/div>\r\n   <\/section>\r\n   <!-- Newsletter area end -->\r\n\t\r\n\r\n             \r\n\t\t\t\t\t\t<\/div>\n\t\t\t\t<\/div>\n\t\t\t\t<\/div>\n\t\t\t\t<\/div>","protected":false},"excerpt":{"rendered":"<p>Our Service Best Medical Services View All Implantology Oral implantology is today the base of<\/p>","protected":false},"author":1,"featured_media":0,"parent":0,"menu_order":0,"comment_status":"closed","ping_status":"closed","template":"elementor_header_footer","meta":{"inline_featured_image":false,"footnotes":""},"class_list":["post-557","page","type-page","status-publish","hentry"],"_links":{"self":[{"href":"https:\/\/www.dentalturism.com\/fr\/wp-json\/wp\/v2\/pages\/557","targetHints":{"allow":["GET"]}}],"collection":[{"href":"https:\/\/www.dentalturism.com\/fr\/wp-json\/wp\/v2\/pages"}],"about":[{"href":"https:\/\/www.dentalturism.com\/fr\/wp-json\/wp\/v2\/types\/page"}],"author":[{"embeddable":true,"href":"https:\/\/www.dentalturism.com\/fr\/wp-json\/wp\/v2\/users\/1"}],"replies":[{"embeddable":true,"href":"https:\/\/www.dentalturism.com\/fr\/wp-json\/wp\/v2\/comments?post=557"}],"version-history":[{"count":0,"href":"https:\/\/www.dentalturism.com\/fr\/wp-json\/wp\/v2\/pages\/557\/revisions"}],"wp:attachment":[{"href":"https:\/\/www.dentalturism.com\/fr\/wp-json\/wp\/v2\/media?parent=557"}],"curies":[{"name":"wp","href":"https:\/\/api.w.org\/{rel}","templated":true}]}}