{"id":604,"date":"2023-11-19T15:44:12","date_gmt":"2023-11-19T15:44:12","guid":{"rendered":"https:\/\/gramentheme.com\/wp\/dogri\/?page_id=604"},"modified":"2024-09-03T12:52:40","modified_gmt":"2024-09-03T12:52:40","slug":"appointment","status":"publish","type":"page","link":"https:\/\/www.dentalturism.com\/fr\/rendez-vous\/","title":{"rendered":"Nomination"},"content":{"rendered":"<div data-elementor-type=\"wp-page\" data-elementor-id=\"604\" class=\"elementor elementor-604\" data-elementor-post-type=\"page\">\n\t\t\t\t<div class=\"elementor-element elementor-element-d68c0c8 e-con-full theme-bg-0 e-flex e-con e-parent\" data-id=\"d68c0c8\" data-element_type=\"container\" data-e-type=\"container\">\n\t\t\t\t<div class=\"elementor-element elementor-element-652911f elementor-widget elementor-widget-appointment_form_2\" data-id=\"652911f\" data-element_type=\"widget\" data-e-type=\"widget\" data-widget_type=\"appointment_form_2.default\">\n\t\t\t\t<div class=\"elementor-widget-container\">\n\t\t\t\t\t\r\n\r\n\t <script>\r\n jQuery(document).ready(function($) {\r\n\r\n\/\/write js code under this line \r\n\r\n\r\n\/\/write code above the line \r\n\r\n  });\r\n<\/script>\r\n     <!-- Appointment area start -->\r\n\t <section class=\"appointment-area section-space theme-bg-5\">\r\n         <div class=\"container\">\r\n            <div class=\"row gy-50 align-items-center wow fadeIn\" data-wow-delay=\"0.5s\">\r\n               <div class=\"col-xxl-6 col-xl-6\">\r\n                  <div class=\"appointment-input-wrapper-2\">\r\n                     <h3 class=\"appointment-input-title\"><\/h3>\r\n                     \n<div class=\"wpcf7 no-js\" id=\"wpcf7-f478-o1\" lang=\"en-US\" dir=\"ltr\" data-wpcf7-id=\"478\">\n<div class=\"screen-reader-response\"><p role=\"status\" aria-live=\"polite\" aria-atomic=\"true\"><\/p> <ul><\/ul><\/div>\n<form action=\"\/fr\/wp-json\/wp\/v2\/pages\/604#wpcf7-f478-o1\" method=\"post\" class=\"wpcf7-form init\" aria-label=\"Formulaire de contact\" novalidate=\"novalidate\" data-status=\"init\" data-trp-original-action=\"\/fr\/wp-json\/wp\/v2\/pages\/604#wpcf7-f478-o1\">\n<fieldset class=\"hidden-fields-container\"><input type=\"hidden\" name=\"_wpcf7\" value=\"478\" \/><input type=\"hidden\" name=\"_wpcf7_version\" value=\"6.1.5\" \/><input type=\"hidden\" name=\"_wpcf7_locale\" value=\"en_US\" \/><input type=\"hidden\" name=\"_wpcf7_unit_tag\" value=\"wpcf7-f478-o1\" \/><input type=\"hidden\" name=\"_wpcf7_container_post\" value=\"0\" \/><input type=\"hidden\" name=\"_wpcf7_posted_data_hash\" value=\"\" \/>\n<\/fieldset>\n<div class=\"row\">\n\t<div class=\"col-lg-6\">\n\t\t<div class=\"contact__from-input\">\n\t\t\t<p><span class=\"wpcf7-form-control-wrap\" data-name=\"text-356\"><input size=\"40\" maxlength=\"400\" class=\"wpcf7-form-control wpcf7-text wpcf7-validates-as-required\" aria-required=\"true\" aria-invalid=\"false\" placeholder=\"Nom complet*\" value=\"\" type=\"text\" name=\"text-356\" \/><\/span>\n\t\t\t<\/p>\n\t\t<\/div>\n\t<\/div>\n\t<div class=\"col-lg-6\">\n\t\t<div class=\"contact__from-input\">\n\t\t\t<p><span class=\"wpcf7-form-control-wrap\" data-name=\"email-218\"><input size=\"40\" maxlength=\"400\" class=\"wpcf7-form-control wpcf7-email wpcf7-validates-as-required wpcf7-text wpcf7-validates-as-email\" aria-required=\"true\" aria-invalid=\"false\" placeholder=\"Votre courriel*\" value=\"\" type=\"email\" name=\"email-218\" \/><\/span>\n\t\t\t<\/p>\n\t\t<\/div>\n\t<\/div>\n\t<div class=\"col-lg-6\">\n\t\t<div class=\"contact__from-input\">\n\t\t\t<p><span class=\"wpcf7-form-control-wrap\" data-name=\"tel-683\"><input size=\"40\" maxlength=\"400\" class=\"wpcf7-form-control wpcf7-tel wpcf7-text wpcf7-validates-as-tel\" aria-invalid=\"false\" placeholder=\"Num\u00e9ro de t\u00e9l\u00e9phone\" value=\"\" type=\"tel\" name=\"tel-683\" \/><\/span>\n\t\t\t<\/p>\n\t\t<\/div>\n\t<\/div>\n\t<div class=\"col-lg-6\">\n\t\t<div class=\"contact__from-input\">\n\t\t\t<p><span class=\"wpcf7-form-control-wrap\" data-name=\"date-671\"><input class=\"wpcf7-form-control wpcf7-date wpcf7-validates-as-date\" aria-invalid=\"false\" value=\"\" type=\"date\" name=\"date-671\" \/><\/span>\n\t\t\t<\/p>\n\t\t<\/div>\n\t<\/div>\n\t<div class=\"col-lg-12\">\n\t\t<div class=\"contact__from-input\">\n\t\t\t<p><span class=\"wpcf7-form-control-wrap\" data-name=\"textarea-949\"><textarea cols=\"40\" rows=\"10\" maxlength=\"2000\" class=\"wpcf7-form-control wpcf7-textarea\" aria-invalid=\"false\" placeholder=\"Votre message\" name=\"textarea-949\"><\/textarea><\/span>\n\t\t\t<\/p>\n\t\t<\/div>\n\t<\/div>\n\t<p><span class=\"wpcf7-form-control-wrap\" data-name=\"acceptance-613\"><span class=\"wpcf7-form-control wpcf7-acceptance\"><span class=\"wpcf7-list-item\"><label><input type=\"checkbox\" name=\"acceptance-613\" value=\"1\" aria-invalid=\"false\" \/><span class=\"wpcf7-list-item-label\">En utilisant ce formulaire de contact, vous acceptez les conditions suivantes <b>Conditions d'utilisation<\/b> de notre site web !<\/span><\/label><\/span><\/span><\/span>\n\t<\/p>\n\t<div class=\"col-12\">\n\t\t<p><button class=\"fill-btn w-100\" type=\"submit\"><span class=\"fill-btn-inner\"><span class=\"fill-btn-normal\">Prendre rendez-vous<i class=\"fa-regular fa-angle-right\"><\/i><\/span><span class=\"fill-btn-hover\">Prendre rendez-vous<i class=\"fa-regular fa-angle-right\"><\/i><\/span><\/span><\/button>\n\t\t<\/p>\n\t<\/div>\n<\/div><div class=\"wpcf7-response-output\" aria-hidden=\"true\"><\/div>\n<input type=\"hidden\" name=\"trp-form-language\" value=\"fr\"\/><\/form>\n<\/div>\n\t\r\n                  <\/div>\r\n               <\/div>\r\n               <div class=\"col-xxl-6 col-xl-6\">\r\n                  <div class=\"appointment-thumb-3 w-img\">\r\n\t\t\t\t  \t   \r\n\t\t\t\t\t\t<img decoding=\"async\" src=\"https:\/\/www.dentalturism.com\/wp-content\/uploads\/2024\/08\/DSC08395.jpg\" alt=\"\"\/>\r\n\t\t\t\t\t                  <\/div>\r\n               <\/div>\r\n            <\/div>\r\n         <\/div>\r\n      <\/section>\r\n      <!-- Appointment area end -->\r\n\r\n\t  \t\r\n\r\n\r\n             \r\n\t\t\t\t\t\t<\/div>\n\t\t\t\t<\/div>\n\t\t\t\t<\/div>\n\t\t<div class=\"elementor-element elementor-element-b60b928 e-flex e-con-boxed e-con e-parent\" data-id=\"b60b928\" data-element_type=\"container\" data-e-type=\"container\">\n\t\t\t\t\t<div class=\"e-con-inner\">\n\t\t\t\t<div class=\"elementor-element elementor-element-1913fcc elementor-widget elementor-widget-contact_box\" data-id=\"1913fcc\" data-element_type=\"widget\" data-e-type=\"widget\" data-widget_type=\"contact_box.default\">\n\t\t\t\t<div class=\"elementor-widget-container\">\n\t\t\t\t\t\r\n\r\n\t <script>\r\n jQuery(document).ready(function($) {\r\n\r\n\/\/write js code under this line \r\n\r\n\r\n\/\/write code above the line \r\n\r\n  });\r\n<\/script>\r\n<!-- Contact area start -->\r\n<div class=\"contact-area\">\r\n\t<div class=\"container\">\r\n\t<div class=\"row g-5\">\r\n\t\t\t\t<div class=\"col-xxl-4 col-xl-4 col-lg-6\">\r\n\t\t\t<div class=\"contact-info-item text-center\">\r\n\t\t\t\t<div class=\"contact-info-icon\">\r\n\t\t\t\t<span><i class=\"fas fa-phone-alt\"><\/i><\/span>\r\n\t\t\t\t<\/div>\r\n\t\t\t\t<div class=\"contact-info-content\">\r\n\t\t\t\t<h4>Appelez-nous<\/h4>\r\n\t\t\t\t<p><a href=\"tel:+40721279090\">+40 721 27 90 90<\/a><\/p>\r\n\t\t\t\t<p><a href=\"\"><\/a><\/p>\r\n\t\t\t\t<\/div>\r\n\t\t\t<\/div>\r\n\t\t<\/div>\r\n\t\t\t\t<div class=\"col-xxl-4 col-xl-4 col-lg-6\">\r\n\t\t\t<div class=\"contact-info-item text-center\">\r\n\t\t\t\t<div class=\"contact-info-icon\">\r\n\t\t\t\t<span><i class=\"far fa-envelope-open\"><\/i><\/span>\r\n\t\t\t\t<\/div>\r\n\t\t\t\t<div class=\"contact-info-content\">\r\n\t\t\t\t<h4>Courrier \u00e9lectronique<\/h4>\r\n\t\t\t\t<p><a href=\"mailto:office@dentalturism.com\">office@dentalturism.com<\/a><\/p>\r\n\t\t\t\t<p><a href=\"\"><\/a><\/p>\r\n\t\t\t\t<\/div>\r\n\t\t\t<\/div>\r\n\t\t<\/div>\r\n\t\t\t\t<div class=\"col-xxl-4 col-xl-4 col-lg-6\">\r\n\t\t\t<div class=\"contact-info-item text-center\">\r\n\t\t\t\t<div class=\"contact-info-icon\">\r\n\t\t\t\t<span><i class=\"fas fa-map-pin\"><\/i><\/span>\r\n\t\t\t\t<\/div>\r\n\t\t\t\t<div class=\"contact-info-content\">\r\n\t\t\t\t<h4>Notre bureau<\/h4>\r\n\t\t\t\t<p><a href=\"https:\/\/www.google.com\/maps\/embed?pb=!1m18!1m12!1m3!1d2849.153169707949!2d26.1359611!3d44.430020199999994!2m3!1f0!2f0!3f0!3m2!1i1024!2i768!4f13.1!3m3!1m2!1s0x40b1fed0ab449cdb%3A0xeaf6502cd94a4092!2sCabinet%20Stomatologic%20Sector%203%20-%20DR%20YAHYA%20ASLAM!5e0!3m2!1sen!2sro!4v1724145449934!5m2!1sen!2sro\">Blvd. Decebal 18, Bucarest<\/a><\/p>\r\n\t\t\t\t<p><a href=\"\"><\/a><\/p>\r\n\t\t\t\t<\/div>\r\n\t\t\t<\/div>\r\n\t\t<\/div>\r\n\t\t\t<\/div>         \r\n\t<\/div>\r\n<\/div>\r\n<!-- Contact area end -->\r\n\r\n\r\n\r\n             \r\n\t\t\t\t\t\t<\/div>\n\t\t\t\t<\/div>\n\t\t\t\t\t<\/div>\n\t\t\t\t<\/div>\n\t\t\t\t<\/div>","protected":false},"excerpt":{"rendered":"<p>Pediatric ClinicCardiac ClinicMedical PharmacyRehabilitation TherapyLaryngological Clinic Choose DoctorDr. Jalen KothenbeutelDr. Jade DayalDr. Zander NishidaDr. Mattie Tellers Make AppointmentMake Appointment Call Us +40 721 27 90 90 E-mail office@dentalturism.com Our Office Blvd. Decebal 18, Bucharest<\/p>","protected":false},"author":1,"featured_media":0,"parent":0,"menu_order":0,"comment_status":"closed","ping_status":"closed","template":"elementor_header_footer","meta":{"inline_featured_image":false,"footnotes":""},"class_list":["post-604","page","type-page","status-publish","hentry"],"_links":{"self":[{"href":"https:\/\/www.dentalturism.com\/fr\/wp-json\/wp\/v2\/pages\/604","targetHints":{"allow":["GET"]}}],"collection":[{"href":"https:\/\/www.dentalturism.com\/fr\/wp-json\/wp\/v2\/pages"}],"about":[{"href":"https:\/\/www.dentalturism.com\/fr\/wp-json\/wp\/v2\/types\/page"}],"author":[{"embeddable":true,"href":"https:\/\/www.dentalturism.com\/fr\/wp-json\/wp\/v2\/users\/1"}],"replies":[{"embeddable":true,"href":"https:\/\/www.dentalturism.com\/fr\/wp-json\/wp\/v2\/comments?post=604"}],"version-history":[{"count":0,"href":"https:\/\/www.dentalturism.com\/fr\/wp-json\/wp\/v2\/pages\/604\/revisions"}],"wp:attachment":[{"href":"https:\/\/www.dentalturism.com\/fr\/wp-json\/wp\/v2\/media?parent=604"}],"curies":[{"name":"wp","href":"https:\/\/api.w.org\/{rel}","templated":true}]}}