{"id":752,"date":"2023-11-21T08:14:36","date_gmt":"2023-11-21T08:14:36","guid":{"rendered":"https:\/\/gramentheme.com\/wp\/dogri\/?page_id=752"},"modified":"2024-12-16T10:20:08","modified_gmt":"2024-12-16T10:20:08","slug":"contact","status":"publish","type":"page","link":"https:\/\/www.dentalturism.com\/fr\/contact\/","title":{"rendered":"Contact"},"content":{"rendered":"<div data-elementor-type=\"wp-page\" data-elementor-id=\"752\" class=\"elementor elementor-752\" data-elementor-post-type=\"page\">\n\t\t\t\t<div class=\"elementor-element elementor-element-d0aefbd e-flex e-con-boxed e-con e-parent\" data-id=\"d0aefbd\" data-element_type=\"container\" data-e-type=\"container\">\n\t\t\t\t\t<div class=\"e-con-inner\">\n\t\t\t\t<div class=\"elementor-element elementor-element-edcb047 elementor-widget elementor-widget-video\" data-id=\"edcb047\" data-element_type=\"widget\" data-e-type=\"widget\" data-settings=\"{&quot;video_type&quot;:&quot;hosted&quot;,&quot;mute&quot;:&quot;yes&quot;,&quot;show_image_overlay&quot;:&quot;yes&quot;,&quot;image_overlay&quot;:{&quot;url&quot;:&quot;https:\\\/\\\/www.dentalturism.com\\\/wp-content\\\/uploads\\\/2024\\\/09\\\/contact-dental-turism-clinic-bucharest.jpg&quot;,&quot;id&quot;:2547,&quot;size&quot;:&quot;&quot;,&quot;alt&quot;:&quot;&quot;,&quot;source&quot;:&quot;library&quot;},&quot;controls&quot;:&quot;yes&quot;}\" data-widget_type=\"video.default\">\n\t\t\t\t\t\t\t<div class=\"e-hosted-video elementor-wrapper elementor-open-inline\">\n\t\t\t\t\t<video class=\"elementor-video\" src=\"https:\/\/www.dentalturism.com\/wp-content\/uploads\/2024\/08\/dental-turism-show.mp4\" controls=\"\" preload=\"metadata\" muted=\"muted\" controlslist=\"nodownload\" poster=\"https:\/\/www.dentalturism.com\/wp-content\/uploads\/2023\/12\/dentalturism-clinic-prophylaxis.jpg\"><\/video>\n\t\t\t\t\t\t<div class=\"elementor-custom-embed-image-overlay\" style=\"background-image: url(https:\/\/www.dentalturism.com\/wp-content\/uploads\/2024\/09\/contact-dental-turism-clinic-bucharest.jpg);\">\n\t\t\t\t\t\t\t\t\t\t\t\t\t\t\t\t<div class=\"elementor-custom-embed-play\" role=\"button\" aria-label=\"Lire la vid\u00e9o\" tabindex=\"0\">\n\t\t\t\t\t\t\t<svg aria-hidden=\"true\" class=\"e-font-icon-svg e-eicon-play\" viewbox=\"0 0 1000 1000\" xmlns=\"http:\/\/www.w3.org\/2000\/svg\"><path d=\"M838 162C746 71 633 25 500 25 371 25 258 71 163 162 71 254 25 367 25 500 25 633 71 746 163 837 254 929 367 979 500 979 633 979 746 933 838 837 929 746 975 633 975 500 975 367 929 254 838 162M808 192C892 279 933 379 933 500 933 621 892 725 808 808 725 892 621 938 500 938 379 938 279 896 196 808 113 725 67 621 67 500 67 379 108 279 196 192 279 108 383 62 500 62 621 62 721 108 808 192M438 392V642L642 517 438 392Z\"><\/path><\/svg>\t\t\t\t\t\t<\/div>\n\t\t\t\t\t\t\t\t\t<\/div>\n\t\t\t\t\t<\/div>\n\t\t\t\t\t\t<\/div>\n\t\t\t\t\t<\/div>\n\t\t\t\t<\/div>\n\t\t<div class=\"elementor-element elementor-element-ebe5316 e-con-full e-flex e-con e-parent\" data-id=\"ebe5316\" data-element_type=\"container\" data-e-type=\"container\">\n\t\t\t\t<div class=\"elementor-element elementor-element-a92d844 elementor-widget elementor-widget-contact_box\" data-id=\"a92d844\" data-element_type=\"widget\" data-e-type=\"widget\" data-widget_type=\"contact_box.default\">\n\t\t\t\t<div class=\"elementor-widget-container\">\n\t\t\t\t\t\r\n\r\n\t <script>\r\n jQuery(document).ready(function($) {\r\n\r\n\/\/write js code under this line \r\n\r\n\r\n\/\/write code above the line \r\n\r\n  });\r\n<\/script>\r\n<!-- Contact area start -->\r\n<div class=\"contact-area\">\r\n\t<div class=\"container\">\r\n\t<div class=\"row g-5\">\r\n\t\t\t\t<div class=\"col-xxl-4 col-xl-4 col-lg-6\">\r\n\t\t\t<div class=\"contact-info-item text-center\">\r\n\t\t\t\t<div class=\"contact-info-icon\">\r\n\t\t\t\t<span><i class=\"fas fa-map-marker-alt\"><\/i><\/span>\r\n\t\t\t\t<\/div>\r\n\t\t\t\t<div class=\"contact-info-content\">\r\n\t\t\t\t<h4>Notre emplacement<\/h4>\r\n\t\t\t\t<p><a href=\"\">Blvd. Decebal 18, Bucarest<\/a><\/p>\r\n\t\t\t\t<p><a href=\"\"><\/a><\/p>\r\n\t\t\t\t<\/div>\r\n\t\t\t<\/div>\r\n\t\t<\/div>\r\n\t\t\t\t<div class=\"col-xxl-4 col-xl-4 col-lg-6\">\r\n\t\t\t<div class=\"contact-info-item text-center\">\r\n\t\t\t\t<div class=\"contact-info-icon\">\r\n\t\t\t\t<span><i class=\"far fa-envelope\"><\/i><\/span>\r\n\t\t\t\t<\/div>\r\n\t\t\t\t<div class=\"contact-info-content\">\r\n\t\t\t\t<h4>Notre adresse \u00e9lectronique<\/h4>\r\n\t\t\t\t<p><a href=\"mailto:office@dentalturism.com\">office@dentalturism.com<\/a><\/p>\r\n\t\t\t\t<p><a href=\"\"><\/a><\/p>\r\n\t\t\t\t<\/div>\r\n\t\t\t<\/div>\r\n\t\t<\/div>\r\n\t\t\t\t<div class=\"col-xxl-4 col-xl-4 col-lg-6\">\r\n\t\t\t<div class=\"contact-info-item text-center\">\r\n\t\t\t\t<div class=\"contact-info-icon\">\r\n\t\t\t\t<span><i class=\"far fa-envelope\"><\/i><\/span>\r\n\t\t\t\t<\/div>\r\n\t\t\t\t<div class=\"contact-info-content\">\r\n\t\t\t\t<h4>Notre num\u00e9ro de contact<\/h4>\r\n\t\t\t\t<p><a href=\"tel:+40721279090\">+40 721 27 90 90<\/a><\/p>\r\n\t\t\t\t<p><a href=\"\"><\/a><\/p>\r\n\t\t\t\t<\/div>\r\n\t\t\t<\/div>\r\n\t\t<\/div>\r\n\t\t\t<\/div>         \r\n\t<\/div>\r\n<\/div>\r\n<!-- Contact area end -->\r\n\r\n\r\n\r\n             \r\n\t\t\t\t\t\t<\/div>\n\t\t\t\t<\/div>\n\t\t\t\t<\/div>\n\t\t<div class=\"elementor-element elementor-element-1b7893d e-flex e-con-boxed e-con e-parent\" data-id=\"1b7893d\" data-element_type=\"container\" data-e-type=\"container\">\n\t\t\t\t\t<div class=\"e-con-inner\">\n\t\t\t\t<div class=\"elementor-element elementor-element-ecd7277 elementor-widget elementor-widget-appointment_form_2\" data-id=\"ecd7277\" data-element_type=\"widget\" data-e-type=\"widget\" data-widget_type=\"appointment_form_2.default\">\n\t\t\t\t<div class=\"elementor-widget-container\">\n\t\t\t\t\t\r\n\r\n\t <script>\r\n jQuery(document).ready(function($) {\r\n\r\n\/\/write js code under this line \r\n\r\n\r\n\/\/write code above the line \r\n\r\n  });\r\n<\/script>\r\n\t\t<div class=\"contact-wrapper\">\r\n               <div class=\"row gy-50\">\r\n                  <div class=\"col-xxl-6 col-xl-6\">\r\n                     <div class=\"contact-map\">\r\n                        <iframe\r\n                           src=\"https:\/\/www.google.com\/maps\/embed?pb=!1m18!1m12!1m3!1d2849.153169707949!2d26.1359611!3d44.430020199999994!2m3!1f0!2f0!3f0!3m2!1i1024!2i768!4f13.1!3m3!1m2!1s0x40b1fed0ab449cdb%3A0xeaf6502cd94a4092!2sCabinet%20Stomatologic%20Sector%203%20-%20DR%20YAHYA%20ASLAM!5e0!3m2!1sen!2sro!4v1724145449934!5m2!1sen!2sro\"><\/iframe>\r\n                     <\/div>\r\n                  <\/div>\r\n                  <div class=\"col-xxl-6 col-xl-6\">\r\n                     <div class=\"contact-from\">\r\n\t\t\t\t\t \t\n<div class=\"wpcf7 no-js\" id=\"wpcf7-f478-o1\" lang=\"en-US\" dir=\"ltr\" data-wpcf7-id=\"478\">\n<div class=\"screen-reader-response\"><p role=\"status\" aria-live=\"polite\" aria-atomic=\"true\"><\/p> <ul><\/ul><\/div>\n<form action=\"\/fr\/wp-json\/wp\/v2\/pages\/752#wpcf7-f478-o1\" method=\"post\" class=\"wpcf7-form init\" aria-label=\"Formulaire de contact\" novalidate=\"novalidate\" data-status=\"init\" data-trp-original-action=\"\/fr\/wp-json\/wp\/v2\/pages\/752#wpcf7-f478-o1\">\n<fieldset class=\"hidden-fields-container\"><input type=\"hidden\" name=\"_wpcf7\" value=\"478\" \/><input type=\"hidden\" name=\"_wpcf7_version\" value=\"6.1.5\" \/><input type=\"hidden\" name=\"_wpcf7_locale\" value=\"en_US\" \/><input type=\"hidden\" name=\"_wpcf7_unit_tag\" value=\"wpcf7-f478-o1\" \/><input type=\"hidden\" name=\"_wpcf7_container_post\" value=\"0\" \/><input type=\"hidden\" name=\"_wpcf7_posted_data_hash\" value=\"\" \/>\n<\/fieldset>\n<div class=\"row\">\n\t<div class=\"col-lg-6\">\n\t\t<div class=\"contact__from-input\">\n\t\t\t<p><span class=\"wpcf7-form-control-wrap\" data-name=\"text-356\"><input size=\"40\" maxlength=\"400\" class=\"wpcf7-form-control wpcf7-text wpcf7-validates-as-required\" aria-required=\"true\" aria-invalid=\"false\" placeholder=\"Nom complet*\" value=\"\" type=\"text\" name=\"text-356\" \/><\/span>\n\t\t\t<\/p>\n\t\t<\/div>\n\t<\/div>\n\t<div class=\"col-lg-6\">\n\t\t<div class=\"contact__from-input\">\n\t\t\t<p><span class=\"wpcf7-form-control-wrap\" data-name=\"email-218\"><input size=\"40\" maxlength=\"400\" class=\"wpcf7-form-control wpcf7-email wpcf7-validates-as-required wpcf7-text wpcf7-validates-as-email\" aria-required=\"true\" aria-invalid=\"false\" placeholder=\"Votre courriel*\" value=\"\" type=\"email\" name=\"email-218\" \/><\/span>\n\t\t\t<\/p>\n\t\t<\/div>\n\t<\/div>\n\t<div class=\"col-lg-6\">\n\t\t<div class=\"contact__from-input\">\n\t\t\t<p><span class=\"wpcf7-form-control-wrap\" data-name=\"tel-683\"><input size=\"40\" maxlength=\"400\" class=\"wpcf7-form-control wpcf7-tel wpcf7-text wpcf7-validates-as-tel\" aria-invalid=\"false\" placeholder=\"Num\u00e9ro de t\u00e9l\u00e9phone\" value=\"\" type=\"tel\" name=\"tel-683\" \/><\/span>\n\t\t\t<\/p>\n\t\t<\/div>\n\t<\/div>\n\t<div class=\"col-lg-6\">\n\t\t<div class=\"contact__from-input\">\n\t\t\t<p><span class=\"wpcf7-form-control-wrap\" data-name=\"date-671\"><input class=\"wpcf7-form-control wpcf7-date wpcf7-validates-as-date\" aria-invalid=\"false\" value=\"\" type=\"date\" name=\"date-671\" \/><\/span>\n\t\t\t<\/p>\n\t\t<\/div>\n\t<\/div>\n\t<div class=\"col-lg-12\">\n\t\t<div class=\"contact__from-input\">\n\t\t\t<p><span class=\"wpcf7-form-control-wrap\" data-name=\"textarea-949\"><textarea cols=\"40\" rows=\"10\" maxlength=\"2000\" class=\"wpcf7-form-control wpcf7-textarea\" aria-invalid=\"false\" placeholder=\"Votre message\" name=\"textarea-949\"><\/textarea><\/span>\n\t\t\t<\/p>\n\t\t<\/div>\n\t<\/div>\n\t<p><span class=\"wpcf7-form-control-wrap\" data-name=\"acceptance-613\"><span class=\"wpcf7-form-control wpcf7-acceptance\"><span class=\"wpcf7-list-item\"><label><input type=\"checkbox\" name=\"acceptance-613\" value=\"1\" aria-invalid=\"false\" \/><span class=\"wpcf7-list-item-label\">En utilisant ce formulaire de contact, vous acceptez les conditions suivantes <b>Conditions d'utilisation<\/b> de notre site web !<\/span><\/label><\/span><\/span><\/span>\n\t<\/p>\n\t<div class=\"col-12\">\n\t\t<p><button class=\"fill-btn w-100\" type=\"submit\"><span class=\"fill-btn-inner\"><span class=\"fill-btn-normal\">Prendre rendez-vous<i class=\"fa-regular fa-angle-right\"><\/i><\/span><span class=\"fill-btn-hover\">Prendre rendez-vous<i class=\"fa-regular fa-angle-right\"><\/i><\/span><\/span><\/button>\n\t\t<\/p>\n\t<\/div>\n<\/div><div class=\"wpcf7-response-output\" aria-hidden=\"true\"><\/div>\n<input type=\"hidden\" name=\"trp-form-language\" value=\"fr\"\/><\/form>\n<\/div>\n\t\r\n                     <\/div>\r\n                  <\/div>\r\n               <\/div>\r\n            <\/div>\r\n\t\r\n\r\n\r\n             \r\n\t\t\t\t\t\t<\/div>\n\t\t\t\t<\/div>\n\t\t\t\t\t<\/div>\n\t\t\t\t<\/div>\n\t\t<div class=\"elementor-element elementor-element-bb8ce61 e-con-full e-flex e-con e-parent\" data-id=\"bb8ce61\" data-element_type=\"container\" data-e-type=\"container\">\n\t\t\t\t<div class=\"elementor-element elementor-element-dff72fe elementor-widget elementor-widget-brand_widget\" data-id=\"dff72fe\" data-element_type=\"widget\" data-e-type=\"widget\" data-widget_type=\"brand_widget.default\">\n\t\t\t\t<div class=\"elementor-widget-container\">\n\t\t\t\t\t\r\n\r\n\t <script>\r\n jQuery(document).ready(function($) {\r\n\r\n\/\/write js code under this line \r\n\r\nvar brand = new Swiper(\".brand-active\", {\r\n\tslidesPerView: 5,\r\n\tspaceBetween: 30,\r\n\tloop: true,\r\n\tautoplay: {\r\n\t\tdelay: 3000,\r\n\t},\r\n\tbreakpoints: {\r\n\t\t\"1400\": {\r\n\t\t\tslidesPerView: 5,\r\n\t\t},\r\n\t\t\"1200\": {\r\n\t\t\tslidesPerView: 4,\r\n\t\t},\r\n\t\t\"992\": {\r\n\t\t\tslidesPerView: 4,\r\n\t\t},\r\n\t\t\"768\": {\r\n\t\t\tslidesPerView: 3,\r\n\t\t},\r\n\t\t\"576\": {\r\n\t\t\tslidesPerView: 2,\r\n\t\t},\r\n\t\t\"0\": {\r\n\t\t\tslidesPerView: 1,\r\n\t\t},\r\n\t},\r\n});\r\n\r\n\/\/write code above the line \r\n\r\n  });\r\n<\/script>\r\n   <!-- Brand area start -->\r\n   <div class=\"brand-area section-space-bottom\">\r\n      <div class=\"container\">\r\n         <div class=\"brand-grid\">\r\n\t\t             <div class=\"brand-item\">\r\n               <div class=\"brand-thumb\">\r\n\t\t\t   <img decoding=\"async\" src=\"https:\/\/www.dentalturism.com\/wp-content\/uploads\/2023\/11\/brand-01-1.png\" alt=\"\">\r\n               <\/div>\r\n            <\/div>\r\n\t\t\t            <div class=\"brand-item\">\r\n               <div class=\"brand-thumb\">\r\n\t\t\t   <img decoding=\"async\" src=\"https:\/\/www.dentalturism.com\/wp-content\/uploads\/2023\/11\/brand-02-1.png\" alt=\"\">\r\n               <\/div>\r\n            <\/div>\r\n\t\t\t            <div class=\"brand-item\">\r\n               <div class=\"brand-thumb\">\r\n\t\t\t   <img decoding=\"async\" src=\"https:\/\/www.dentalturism.com\/wp-content\/uploads\/2023\/11\/brand-03-1.png\" alt=\"\">\r\n               <\/div>\r\n            <\/div>\r\n\t\t\t            <div class=\"brand-item\">\r\n               <div class=\"brand-thumb\">\r\n\t\t\t   <img decoding=\"async\" src=\"https:\/\/www.dentalturism.com\/wp-content\/uploads\/2023\/11\/brand-04-1.png\" alt=\"\">\r\n               <\/div>\r\n            <\/div>\r\n\t\t\t            <div class=\"brand-item\">\r\n               <div class=\"brand-thumb\">\r\n\t\t\t   <img decoding=\"async\" src=\"https:\/\/www.dentalturism.com\/wp-content\/uploads\/2023\/11\/brand-05-1.png\" alt=\"\">\r\n               <\/div>\r\n            <\/div>\r\n\t\t\t         <\/div>\r\n      <\/div>\r\n   <\/div>\r\n   <!-- Brand area end -->\r\n\r\n\t\r\n\r\n             \r\n\t\t\t\t\t\t<\/div>\n\t\t\t\t<\/div>\n\t\t\t\t<\/div>\n\t\t\t\t<\/div>","protected":false},"excerpt":{"rendered":"<p>https:\/\/www.dentalturism.com\/wp-content\/uploads\/2024\/08\/dental-turism-show.mp4 Notre emplacement Blvd. Decebal 18, Bucarest Notre adresse e-mail office@dentalturism.com Notre num\u00e9ro de contact +40 721 27 90 90 Clinique p\u00e9diatriqueCardiaquePharmacie m\u00e9dicaleTh\u00e9rapie de r\u00e9adaptationClinique laryngologique Choisir un m\u00e9decinDr. Jalen KothenbeutelDr. Jade DayalDr. Zander NishidaDr. Mattie Tellers Prendre rendez-vousPrendre rendez-vous<\/p>","protected":false},"author":1,"featured_media":0,"parent":0,"menu_order":0,"comment_status":"closed","ping_status":"closed","template":"elementor_header_footer","meta":{"inline_featured_image":false,"footnotes":""},"class_list":["post-752","page","type-page","status-publish","hentry"],"_links":{"self":[{"href":"https:\/\/www.dentalturism.com\/fr\/wp-json\/wp\/v2\/pages\/752","targetHints":{"allow":["GET"]}}],"collection":[{"href":"https:\/\/www.dentalturism.com\/fr\/wp-json\/wp\/v2\/pages"}],"about":[{"href":"https:\/\/www.dentalturism.com\/fr\/wp-json\/wp\/v2\/types\/page"}],"author":[{"embeddable":true,"href":"https:\/\/www.dentalturism.com\/fr\/wp-json\/wp\/v2\/users\/1"}],"replies":[{"embeddable":true,"href":"https:\/\/www.dentalturism.com\/fr\/wp-json\/wp\/v2\/comments?post=752"}],"version-history":[{"count":0,"href":"https:\/\/www.dentalturism.com\/fr\/wp-json\/wp\/v2\/pages\/752\/revisions"}],"wp:attachment":[{"href":"https:\/\/www.dentalturism.com\/fr\/wp-json\/wp\/v2\/media?parent=752"}],"curies":[{"name":"wp","href":"https:\/\/api.w.org\/{rel}","templated":true}]}}