{"id":557,"date":"2023-11-19T14:03:27","date_gmt":"2023-11-19T14:03:27","guid":{"rendered":"https:\/\/gramentheme.com\/wp\/dogri\/?page_id=557"},"modified":"2024-09-03T12:36:40","modified_gmt":"2024-09-03T12:36:40","slug":"service","status":"publish","type":"page","link":"https:\/\/www.dentalturism.com\/ro\/serviciu\/","title":{"rendered":"Servicii"},"content":{"rendered":"<div data-elementor-type=\"wp-page\" data-elementor-id=\"557\" class=\"elementor elementor-557\" data-elementor-post-type=\"page\">\n\t\t\t\t<div class=\"elementor-element elementor-element-e2c452e e-con-full e-flex e-con e-parent\" data-id=\"e2c452e\" data-element_type=\"container\" data-e-type=\"container\">\n\t\t\t\t<div class=\"elementor-element elementor-element-a954ff3 elementor-widget elementor-widget-dogri_service_post_widget\" data-id=\"a954ff3\" data-element_type=\"widget\" data-e-type=\"widget\" data-widget_type=\"dogri_service_post_widget.default\">\n\t\t\t\t<div class=\"elementor-widget-container\">\n\t\t\t\t\t\r\n\t<!-- What we do area start -->\r\n\t<section class=\"what-we-do-area section-space p-relative\">\r\n\t\t<div class=\"container\">\r\n\t\t<div class=\"row g-5 align-items-end justify-content-between section-title-space\">\r\n\t\t\t<div class=\"col-xxl-6 co-xl-6 col-lg-6\">\r\n\t\t\t\t\t\t\t\t<div class=\"section-title-wrapper-5\">\r\n\t\t\t\t\t\t\t\t\t\t\t<div class=\"section-subtitle-6 mb-20\">\r\n\t\t\t\t\t\t<span>Serviciul nostru<\/span>\r\n\t\t\t\t\t<\/div>\r\n\t\t\t\t\t\t\t\t\t\t\t\t\t\t\t\t<h2 class=\"section-title-3\">Cele mai bune servicii medicale<\/h2>\r\n\t\t\t\t\t\t\t\t\t<\/div>\r\n\t\t\t\t\t\t\t<\/div>\r\n\t\t\t<div class=\"col-xxl-5 co-xl-5 col-lg-6\">\r\n\t\t\t\t\t\t\t<div class=\"section-short-intro\">\r\n\t\t\t\t\t<p><\/p>\r\n\t\t\t\t\t<a class=\"text-btn\" href=\"\/ro\/dogri\/service\/\">Vezi toate<span><i class=\"fa-regular fa-angle-right\"><\/i><\/span><\/a>\r\n\t\t\t\t<\/div>\r\n\t\t\t\t\t\t\t<\/div>\r\n\t\t<\/div>\r\n\t\t<div class=\"row gy-50 align-items-center\">\r\n\t\t\t\t\t<div class=\"col-xl-4 co-xl-4 col-lg-4\">\r\n\t\t\t\t<div class=\"what-we-do-item wow fadeIn\" data-wow-delay=\".3s\">\r\n\t\t\t\t\t<div class=\"what-we-do-icon\">\r\n\t\t\t\t\t<span>\r\n\t\t\t\t\t\t\t\t\t\t\t\t\t<img decoding=\"async\" src=\"https:\/\/www.dentalturism.com\/wp-content\/uploads\/2024\/08\/Implantology.svg\" alt=\"pictogram\u0103\">\r\n\t\t\t\t\t\t\t\t\t\t\t\t<\/span>\r\n\t\t\t\t\t<\/div>\r\n\t\t\t\t\t<div class=\"what-we-do-content\">\r\n\t\t\t\t\t<h4><a href=\"https:\/\/www.dentalturism.com\/ro\/services\/implantologie\/\">Implantologie<\/a><\/h4>\r\n\t\t\t\t\t<p>Implantologia oral\u0103 este ast\u0103zi baza reconstruc\u021biei patrimoniului dentar pierdut, similar cu cel natural, f\u0103r\u0103<\/p>\r\n\t\t\t\t\t<\/div>\r\n\t\t\t\t\t<a class=\"round-link-40\" href=\"https:\/\/www.dentalturism.com\/ro\/services\/implantologie\/\"><i class=\"fa-regular fa-angle-right\"><\/i><\/a>\r\n\t\t\t\t<\/div>\r\n\t\t\t<\/div>\r\n\t\t\t\t\t\t<div class=\"col-xl-4 co-xl-4 col-lg-4\">\r\n\t\t\t\t<div class=\"what-we-do-item wow fadeIn\" data-wow-delay=\".3s\">\r\n\t\t\t\t\t<div class=\"what-we-do-icon\">\r\n\t\t\t\t\t<span>\r\n\t\t\t\t\t\t\t\t\t\t\t\t\t<img decoding=\"async\" src=\"https:\/\/www.dentalturism.com\/wp-content\/uploads\/2024\/08\/Dental-Aesthetics.svg\" alt=\"pictogram\u0103\">\r\n\t\t\t\t\t\t\t\t\t\t\t\t<\/span>\r\n\t\t\t\t\t<\/div>\r\n\t\t\t\t\t<div class=\"what-we-do-content\">\r\n\t\t\t\t\t<h4><a href=\"https:\/\/www.dentalturism.com\/ro\/services\/estetica-dentara\/\">Estetica dentar\u0103<\/a><\/h4>\r\n\t\t\t\t\t<p>Materialele \u0219i tehnologia modern\u0103, permit restaur\u0103ri extrem de precise \u0219i estetice, indiferent de amplitudinea<\/p>\r\n\t\t\t\t\t<\/div>\r\n\t\t\t\t\t<a class=\"round-link-40\" href=\"https:\/\/www.dentalturism.com\/ro\/services\/estetica-dentara\/\"><i class=\"fa-regular fa-angle-right\"><\/i><\/a>\r\n\t\t\t\t<\/div>\r\n\t\t\t<\/div>\r\n\t\t\t\t\t\t<div class=\"col-xl-4 co-xl-4 col-lg-4\">\r\n\t\t\t\t<div class=\"what-we-do-item wow fadeIn\" data-wow-delay=\".3s\">\r\n\t\t\t\t\t<div class=\"what-we-do-icon\">\r\n\t\t\t\t\t<span>\r\n\t\t\t\t\t\t\t\t\t\t\t\t\t<img decoding=\"async\" src=\"https:\/\/www.dentalturism.com\/wp-content\/uploads\/2024\/08\/Periodontics.svg\" alt=\"pictogram\u0103\">\r\n\t\t\t\t\t\t\t\t\t\t\t\t<\/span>\r\n\t\t\t\t\t<\/div>\r\n\t\t\t\t\t<div class=\"what-we-do-content\">\r\n\t\t\t\t\t<h4><a href=\"https:\/\/www.dentalturism.com\/ro\/services\/parodontie\/\">Parodontologie<\/a><\/h4>\r\n\t\t\t\t\t<p>Bolile parodontale iau multe forme diferite, dar sunt de obicei rezultatul unei coalescen\u021be<\/p>\r\n\t\t\t\t\t<\/div>\r\n\t\t\t\t\t<a class=\"round-link-40\" href=\"https:\/\/www.dentalturism.com\/ro\/services\/parodontie\/\"><i class=\"fa-regular fa-angle-right\"><\/i><\/a>\r\n\t\t\t\t<\/div>\r\n\t\t\t<\/div>\r\n\t\t\t\t\t\t<div class=\"col-xl-4 co-xl-4 col-lg-4\">\r\n\t\t\t\t<div class=\"what-we-do-item wow fadeIn\" data-wow-delay=\".3s\">\r\n\t\t\t\t\t<div class=\"what-we-do-icon\">\r\n\t\t\t\t\t<span>\r\n\t\t\t\t\t\t\t\t\t\t\t\t\t<img decoding=\"async\" src=\"https:\/\/www.dentalturism.com\/wp-content\/uploads\/2024\/08\/Endodontics.svg\" alt=\"pictogram\u0103\">\r\n\t\t\t\t\t\t\t\t\t\t\t\t<\/span>\r\n\t\t\t\t\t<\/div>\r\n\t\t\t\t\t<div class=\"what-we-do-content\">\r\n\t\t\t\t\t<h4><a href=\"https:\/\/www.dentalturism.com\/ro\/services\/endodontie\/\">Endodon\u021bie<\/a><\/h4>\r\n\t\t\t\t\t<p>Endodon\u021bia este una dintre specialit\u0103\u021bile dentare care se ocup\u0103 de pulpa dentar\u0103 \u0219i de<\/p>\r\n\t\t\t\t\t<\/div>\r\n\t\t\t\t\t<a class=\"round-link-40\" href=\"https:\/\/www.dentalturism.com\/ro\/services\/endodontie\/\"><i class=\"fa-regular fa-angle-right\"><\/i><\/a>\r\n\t\t\t\t<\/div>\r\n\t\t\t<\/div>\r\n\t\t\t\t\t\t<div class=\"col-xl-4 co-xl-4 col-lg-4\">\r\n\t\t\t\t<div class=\"what-we-do-item wow fadeIn\" data-wow-delay=\".3s\">\r\n\t\t\t\t\t<div class=\"what-we-do-icon\">\r\n\t\t\t\t\t<span>\r\n\t\t\t\t\t\t\t\t\t\t\t\t\t<img decoding=\"async\" src=\"https:\/\/www.dentalturism.com\/wp-content\/uploads\/2023\/12\/odontotherapy.svg\" alt=\"pictogram\u0103\">\r\n\t\t\t\t\t\t\t\t\t\t\t\t<\/span>\r\n\t\t\t\t\t<\/div>\r\n\t\t\t\t\t<div class=\"what-we-do-content\">\r\n\t\t\t\t\t<h4><a href=\"https:\/\/www.dentalturism.com\/ro\/services\/odontoterapie\/\">Odontoterapie<\/a><\/h4>\r\n\t\t\t\t\t<p>Diferitele probleme, de la carii simple la complica\u021bii grave, pot fi eliminate cu ajutorul unor m\u0103suri odontologice adecvate<\/p>\r\n\t\t\t\t\t<\/div>\r\n\t\t\t\t\t<a class=\"round-link-40\" href=\"https:\/\/www.dentalturism.com\/ro\/services\/odontoterapie\/\"><i class=\"fa-regular fa-angle-right\"><\/i><\/a>\r\n\t\t\t\t<\/div>\r\n\t\t\t<\/div>\r\n\t\t\t\t\t\t<div class=\"col-xl-4 co-xl-4 col-lg-4\">\r\n\t\t\t\t<div class=\"what-we-do-item wow fadeIn\" data-wow-delay=\".3s\">\r\n\t\t\t\t\t<div class=\"what-we-do-icon\">\r\n\t\t\t\t\t<span>\r\n\t\t\t\t\t\t\t\t\t\t\t\t\t<img decoding=\"async\" src=\"https:\/\/www.dentalturism.com\/wp-content\/uploads\/2024\/08\/prophylaxis.svg\" alt=\"pictogram\u0103\">\r\n\t\t\t\t\t\t\t\t\t\t\t\t<\/span>\r\n\t\t\t\t\t<\/div>\r\n\t\t\t\t\t<div class=\"what-we-do-content\">\r\n\t\t\t\t\t<h4><a href=\"https:\/\/www.dentalturism.com\/ro\/services\/profilaxie\/\">Profilaxie<\/a><\/h4>\r\n\t\t\t\t\t<p>Medicina preventiv\u0103 sau \u00eengrijirea preventiv\u0103 sau profilaxia const\u0103 \u00een m\u0103suri luate pentru a preveni bolile, (sau<\/p>\r\n\t\t\t\t\t<\/div>\r\n\t\t\t\t\t<a class=\"round-link-40\" href=\"https:\/\/www.dentalturism.com\/ro\/services\/profilaxie\/\"><i class=\"fa-regular fa-angle-right\"><\/i><\/a>\r\n\t\t\t\t<\/div>\r\n\t\t\t<\/div>\r\n\t\t\t\t\t\t<div class=\"col-xl-4 co-xl-4 col-lg-4\">\r\n\t\t\t\t<div class=\"what-we-do-item wow fadeIn\" data-wow-delay=\".3s\">\r\n\t\t\t\t\t<div class=\"what-we-do-icon\">\r\n\t\t\t\t\t<span>\r\n\t\t\t\t\t\t\t\t\t\t\t\t\t<img decoding=\"async\" src=\"https:\/\/www.dentalturism.com\/wp-content\/uploads\/2023\/12\/Pedodontics.svg\" alt=\"pictogram\u0103\">\r\n\t\t\t\t\t\t\t\t\t\t\t\t<\/span>\r\n\t\t\t\t\t<\/div>\r\n\t\t\t\t\t<div class=\"what-we-do-content\">\r\n\t\t\t\t\t<h4><a href=\"https:\/\/www.dentalturism.com\/ro\/services\/pedodontie\/\">Pedodon\u021bie<\/a><\/h4>\r\n\t\t\t\t\t<p>Abord\u0103m un copil cu sensibilitate \u0219i \u00een\u021belegere, astfel \u00eenc\u00e2t el\/ea s\u0103 poat\u0103 construi \u00eencredere cu<\/p>\r\n\t\t\t\t\t<\/div>\r\n\t\t\t\t\t<a class=\"round-link-40\" href=\"https:\/\/www.dentalturism.com\/ro\/services\/pedodontie\/\"><i class=\"fa-regular fa-angle-right\"><\/i><\/a>\r\n\t\t\t\t<\/div>\r\n\t\t\t<\/div>\r\n\t\t\t\t\t\t<div class=\"col-xl-4 co-xl-4 col-lg-4\">\r\n\t\t\t\t<div class=\"what-we-do-item wow fadeIn\" data-wow-delay=\".3s\">\r\n\t\t\t\t\t<div class=\"what-we-do-icon\">\r\n\t\t\t\t\t<span>\r\n\t\t\t\t\t\t\t\t\t\t\t\t\t<img decoding=\"async\" src=\"https:\/\/www.dentalturism.com\/wp-content\/uploads\/2023\/12\/Orthodontics.svg\" alt=\"pictogram\u0103\">\r\n\t\t\t\t\t\t\t\t\t\t\t\t<\/span>\r\n\t\t\t\t\t<\/div>\r\n\t\t\t\t\t<div class=\"what-we-do-content\">\r\n\t\t\t\t\t<h4><a href=\"https:\/\/www.dentalturism.com\/ro\/services\/ortodontie\/\">Ortodon\u021bie<\/a><\/h4>\r\n\t\t\t\t\t<p>Ortodon\u021bia este o ramur\u0103 a stomatologiei care se specializeaz\u0103 \u00een tratarea pacien\u021bilor cu pozi\u021bionare necorespunz\u0103toare a<\/p>\r\n\t\t\t\t\t<\/div>\r\n\t\t\t\t\t<a class=\"round-link-40\" href=\"https:\/\/www.dentalturism.com\/ro\/services\/ortodontie\/\"><i class=\"fa-regular fa-angle-right\"><\/i><\/a>\r\n\t\t\t\t<\/div>\r\n\t\t\t<\/div>\r\n\t\t\t\t\t<\/div>\r\n\t\t<\/div>\r\n\t<\/section>\r\n\t<!-- What we do area end -->\r\n\r\n\r\n\t\t\r\n\r\n\r\n\r\n\t\t\t\t\t<\/div>\n\t\t\t\t<\/div>\n\t\t\t\t<\/div>\n\t\t<div class=\"elementor-element elementor-element-6b82637 e-con-full e-flex e-con e-parent\" data-id=\"6b82637\" data-element_type=\"container\" data-e-type=\"container\">\n\t\t\t\t<div class=\"elementor-element elementor-element-d7d2d7a elementor-widget elementor-widget-intro_widget\" data-id=\"d7d2d7a\" data-element_type=\"widget\" data-e-type=\"widget\" data-widget_type=\"intro_widget.default\">\n\t\t\t\t<div class=\"elementor-widget-container\">\n\t\t\t\t\t\r\n\r\n\t <script>\r\n jQuery(document).ready(function($) {\r\n\r\n\/\/write js code under this line \r\n\r\n\r\n\/\/write code above the line \r\n\r\n  });\r\n<\/script>\r\n   <!-- Intro area star -->\r\n   <div class=\"intro-area section-space p-relative\">\r\n      <div class=\"intro-bg\">\r\n         <div class=\"intro-bg-thumb include-bg\" data-background=\"https:\/\/www.dentalturism.com\/wp-content\/uploads\/2023\/11\/intro-bg-1.png\"><\/div>\r\n      <\/div>\r\n      <div class=\"container\">\r\n         <div class=\"row justify-content-center\">\r\n            <div class=\"col-xxl-7 col-xl-9 col-lg-10\">\r\n               <div class=\"section-title-wrapper is-white text-center wow fadeInUp\" data-wow-delay=\"0.3s\">\r\n                  <h2 class=\"section-title section-title-spacing\">Preia controlul asupra s\u0103n\u0103t\u0103\u021bii tale ast\u0103zi \u0219i programeaz\u0103 o consulta\u021bie<\/h2>\r\n                  <a href=\"https:\/\/www.dentalturism.com\/ro\/home\/appointment\/\" class=\"fill-btn secondary\">\r\n                     <span class=\"fill-btn-inner\">\r\n                        <span class=\"fill-btn-normal\">programare<i class=\"fa-regular fa-angle-right\"><\/i><\/span>\r\n                        <span class=\"fill-btn-hover\">programare<i class=\"fa-regular fa-angle-right\"><\/i><\/span>\r\n                     <\/span>\r\n                  <\/a>\r\n               <\/div>\r\n            <\/div>\r\n         <\/div>\r\n      <\/div>\r\n   <\/div>\r\n   <!-- Intro area end -->\r\n   \t\r\n\r\n\r\n\r\n             \r\n\t\t\t\t\t\t<\/div>\n\t\t\t\t<\/div>\n\t\t\t\t<\/div>\n\t\t<div class=\"elementor-element elementor-element-7756554 e-con-full e-flex e-con e-parent\" data-id=\"7756554\" data-element_type=\"container\" data-e-type=\"container\">\n\t\t\t\t<div class=\"elementor-element elementor-element-52addbf elementor-widget elementor-widget-benefit_tab\" data-id=\"52addbf\" data-element_type=\"widget\" data-e-type=\"widget\" data-widget_type=\"benefit_tab.default\">\n\t\t\t\t<div class=\"elementor-widget-container\">\n\t\t\t\t\t\r\n\r\n\t <script>\r\n jQuery(document).ready(function($) {\r\n\r\n\/\/write js code under this line \r\n\r\n\r\n\/\/write code above the line \r\n\r\n  });\r\n<\/script>\r\n   <!-- FAQ area start -->\r\n   <section class=\"faq__area section-space\">\r\n         <div class=\"container\">\r\n            <div class=\"row gy-50 wow fadeInUp\" data-wow-delay=\".3s\">\r\n               <div class=\"col-xxl-5 col-xl-5 col-lg-6\">\r\n                  <div class=\"faq__content bd-sticky\">\r\n                     <div class=\"section-title-wrapper-2 mb-15\">\r\n                        <span class=\"section-subtitle-2 mb-25\">CITI\u021aI FAQ<\/span>\r\n                        <h2 class=\"section-title\">Exist\u0103 multe \u00eentreb\u0103ri comune aici!<\/h2>\r\n                     <\/div>\r\n                     <p class=\"mb-40\">Lorem ipsum dolor sit amet consectetur adipisng elit Ut et massa mi. Aliquam in hendrerit urna.\n                     Pellentesque sit amet sapiengilla<\/p>\r\n                     <a href=\"\/ro\/dogri\/contact\/\" class=\"fill-btn\">\r\n                        <span class=\"fill-btn-inner\">\r\n                           <span class=\"fill-btn-normal\">Contacta\u021bi-ne<i class=\"fa-regular fa-angle-right\"><\/i><\/span>\r\n                           <span class=\"fill-btn-hover\">Contacta\u021bi-ne<i class=\"fa-regular fa-angle-right\"><\/i><\/span>\r\n                        <\/span>\r\n                     <\/a>\r\n                  <\/div>\r\n               <\/div>\r\n               <div class=\"col-xxl-7 col-xl-7 col-lg-6\">\r\n                  <div class=\"bd__faq\">\r\n\t\t\t\t  \t\t\t\t\t<div class=\"accordion-item\">\r\n\t\t\t\t\t\t<h2 class=\"accordion-header\" id=\"heading2f87939-st-2\">\r\n\t\t\t\t\t\t\t<button class=\"accordion-button\" type=\"button\" data-bs-toggle=\"collapse\"\r\n\t\t\t\t\t\t\tdata-bs-target=\"#collapse2f87939-st-2\" aria-expanded=\"true\"\r\n\t\t\t\t\t\t\taria-controls=\"collapse2f87939-st-2\">\r\n\t\t\t\t\t\t\t\r\n\t\t\t\t\t\t\tCare sunt cerin\u021bele unui portofoliu?\t\t\t\t\t\t\t<\/button>\r\n\t\t\t\t\t\t<\/h2>\r\n\t\t\t\t\t\t<div id=\"collapse2f87939-st-2\" class=\"accordion-collapse collapse show\"\r\n\t\t\t\t\t\t\taria-labelledby=\"heading2f87939-st-2\" data-bs-parent=\"#accordionExample-st-2subtitlefaq-378520815\">\r\n\t\t\t\t\t\t\t<div class=\"accordion-body\">\r\n\t\t\t\t\t\t\tPellentesque commodo lacus at sodales sodales. uisque sagittis orci ut diam\n                                    condimentum, vel euismod erat Pellentesque commodo lacus at sodales sodales. Quisque\n                                    . placerat. In iaculis arcu eros, eget tempus orci facilisis id. Morbi quam velit,\n                                    euismd in imperdiet vitae.\t\t\t\t\t\t\t<\/div>\r\n\t\t\t\t\t\t<\/div>\r\n\t\t\t\t\t<\/div>\r\n\t\t\t\t\t\t\t\t\t\t<div class=\"accordion-item\">\r\n\t\t\t\t\t\t<h2 class=\"accordion-header\" id=\"heading060635d-st-2\">\r\n\t\t\t\t\t\t\t<button class=\"accordion-button collapsed\" type=\"button\" data-bs-toggle=\"collapse\"\r\n\t\t\t\t\t\t\tdata-bs-target=\"#collapse060635d-st-2\" aria-expanded=\"true\"\r\n\t\t\t\t\t\t\taria-controls=\"collapse060635d-st-2\">\r\n\t\t\t\t\t\t\t\r\n\t\t\t\t\t\t\tCare este evaluarea bazat\u0103 pe cercetare?\t\t\t\t\t\t\t<\/button>\r\n\t\t\t\t\t\t<\/h2>\r\n\t\t\t\t\t\t<div id=\"collapse060635d-st-2\" class=\"accordion-collapse collapse\"\r\n\t\t\t\t\t\t\taria-labelledby=\"heading060635d-st-2\" data-bs-parent=\"#accordionExample-st-2subtitlefaq-378520815\">\r\n\t\t\t\t\t\t\t<div class=\"accordion-body\">\r\n\t\t\t\t\t\t\tPellentesque commodo lacus at sodales sodales. uisque sagittis orci ut diam\n                                    condimentum, vel euismod erat Pellentesque commodo lacus at sodales sodales. Quisque\n                                    . placerat. In iaculis arcu eros, eget tempus orci facilisis id. Morbi quam velit,\n                                    euismd in imperdiet vitae.\t\t\t\t\t\t\t<\/div>\r\n\t\t\t\t\t\t<\/div>\r\n\t\t\t\t\t<\/div>\r\n\t\t\t\t\t\t\t\t\t\t<div class=\"accordion-item\">\r\n\t\t\t\t\t\t<h2 class=\"accordion-header\" id=\"headinge3ee6a2-st-2\">\r\n\t\t\t\t\t\t\t<button class=\"accordion-button collapsed\" type=\"button\" data-bs-toggle=\"collapse\"\r\n\t\t\t\t\t\t\tdata-bs-target=\"#collapsee3ee6a2-st-2\" aria-expanded=\"true\"\r\n\t\t\t\t\t\t\taria-controls=\"collapsee3ee6a2-st-2\">\r\n\t\t\t\t\t\t\t\r\n\t\t\t\t\t\t\tCare sunt cerin\u021bele unui portofoliu?\t\t\t\t\t\t\t<\/button>\r\n\t\t\t\t\t\t<\/h2>\r\n\t\t\t\t\t\t<div id=\"collapsee3ee6a2-st-2\" class=\"accordion-collapse collapse\"\r\n\t\t\t\t\t\t\taria-labelledby=\"headinge3ee6a2-st-2\" data-bs-parent=\"#accordionExample-st-2subtitlefaq-378520815\">\r\n\t\t\t\t\t\t\t<div class=\"accordion-body\">\r\n\t\t\t\t\t\t\tPellentesque commodo lacus at sodales sodales. uisque sagittis orci ut diam\n                                    condimentum, vel euismod erat Pellentesque commodo lacus at sodales sodales. Quisque\n                                    . placerat. In iaculis arcu eros, eget tempus orci facilisis id. Morbi quam velit,\n                                    euismd in imperdiet vitae.\t\t\t\t\t\t\t<\/div>\r\n\t\t\t\t\t\t<\/div>\r\n\t\t\t\t\t<\/div>\r\n\t\t\t\t\t\t\t\t\t\t<div class=\"accordion-item\">\r\n\t\t\t\t\t\t<h2 class=\"accordion-header\" id=\"headingaca7d89-st-2\">\r\n\t\t\t\t\t\t\t<button class=\"accordion-button collapsed\" type=\"button\" data-bs-toggle=\"collapse\"\r\n\t\t\t\t\t\t\tdata-bs-target=\"#collapseaca7d89-st-2\" aria-expanded=\"true\"\r\n\t\t\t\t\t\t\taria-controls=\"collapseaca7d89-st-2\">\r\n\t\t\t\t\t\t\t\r\n\t\t\t\t\t\t\tCum s\u0103 trimite\u021bi bani online?\t\t\t\t\t\t\t<\/button>\r\n\t\t\t\t\t\t<\/h2>\r\n\t\t\t\t\t\t<div id=\"collapseaca7d89-st-2\" class=\"accordion-collapse collapse\"\r\n\t\t\t\t\t\t\taria-labelledby=\"headingaca7d89-st-2\" data-bs-parent=\"#accordionExample-st-2subtitlefaq-378520815\">\r\n\t\t\t\t\t\t\t<div class=\"accordion-body\">\r\n\t\t\t\t\t\t\tPellentesque commodo lacus at sodales sodales. uisque sagittis orci ut diam\n                                    condimentum, vel euismod erat Pellentesque commodo lacus at sodales sodales. Quisque\n                                    . placerat. In iaculis arcu eros, eget tempus orci facilisis id. Morbi quam velit,\n                                    euismd in imperdiet vitae.\t\t\t\t\t\t\t<\/div>\r\n\t\t\t\t\t\t<\/div>\r\n\t\t\t\t\t<\/div>\r\n\t\t\t\t\t                  <\/div>\r\n               <\/div>\r\n            <\/div>\r\n         <\/div>\r\n      <\/section>\r\n      <!-- FAQ area end -->\r\n\t\r\n\r\n\r\n\r\n             \r\n\t\t\t\t\t\t<\/div>\n\t\t\t\t<\/div>\n\t\t\t\t<\/div>\n\t\t<div class=\"elementor-element elementor-element-632418f e-con-full e-flex e-con e-parent\" data-id=\"632418f\" data-element_type=\"container\" data-e-type=\"container\">\n\t\t\t\t<div class=\"elementor-element elementor-element-a4d56d0 elementor-widget elementor-widget-newsletter_widget\" data-id=\"a4d56d0\" data-element_type=\"widget\" data-e-type=\"widget\" data-widget_type=\"newsletter_widget.default\">\n\t\t\t\t<div class=\"elementor-widget-container\">\n\t\t\t\t\t\r\n\r\n\t <script>\r\n jQuery(document).ready(function($) {\r\n\r\n\/\/write js code under this line \r\n\r\n\r\n\/\/write code above the line \r\n\r\n  });\r\n<\/script>\r\n   <!-- Newsletter area start -->\r\n   <section class=\"newsletter-area p-relative\">\r\n      <div class=\"newsletter-overlay theme-bg-3\"><\/div>\r\n      <div class=\"container\">\r\n         <div class=\"newsletter-grid p-relative\">\r\n            <div class=\"intro-bg\">\r\n               <div class=\"intro-bg-thumb include-bg\" data-background=\"https:\/\/www.dentalturism.com\/wp-content\/uploads\/2023\/11\/intro-bg-1.png\"><\/div>\r\n            <\/div>\r\n            <div class=\"row gy-4 align-items-center\">\r\n               <div class=\"col-xxl-6 col-xl-6 col-lg-6\">\r\n                  <div class=\"newsletter-content\">\r\n                     <h3 class=\"newsletter-title\">Abona\u021bi-v\u0103 la scrisoarea noastr\u0103 de \u0219tiri<\/h3>\r\n                  <\/div>\r\n               <\/div>\r\n               <div class=\"col-xxl-6 col-xl-6 col-lg-6\">\r\n                  <div class=\"newsletter-form\">\r\n\t\t\t\t  \t\n<div class=\"wpcf7 no-js\" id=\"wpcf7-f418-o1\" lang=\"en-US\" dir=\"ltr\" data-wpcf7-id=\"418\">\n<div class=\"screen-reader-response\"><p role=\"status\" aria-live=\"polite\" aria-atomic=\"true\"><\/p> <ul><\/ul><\/div>\n<form action=\"\/ro\/wp-json\/wp\/v2\/pages\/557#wpcf7-f418-o1\" method=\"post\" class=\"wpcf7-form init\" aria-label=\"Contact form\" novalidate=\"novalidate\" data-status=\"init\" data-trp-original-action=\"\/ro\/wp-json\/wp\/v2\/pages\/557#wpcf7-f418-o1\">\n<fieldset class=\"hidden-fields-container\"><input type=\"hidden\" name=\"_wpcf7\" value=\"418\" \/><input type=\"hidden\" name=\"_wpcf7_version\" value=\"6.1.5\" \/><input type=\"hidden\" name=\"_wpcf7_locale\" value=\"en_US\" \/><input type=\"hidden\" name=\"_wpcf7_unit_tag\" value=\"wpcf7-f418-o1\" \/><input type=\"hidden\" name=\"_wpcf7_container_post\" value=\"0\" \/><input type=\"hidden\" name=\"_wpcf7_posted_data_hash\" value=\"\" \/>\n<\/fieldset>\n<div class=\"newsletter-input p-relative\">\n\t<p><span class=\"wpcf7-form-control-wrap\" data-name=\"email-765\"><input size=\"40\" maxlength=\"400\" class=\"wpcf7-form-control wpcf7-email wpcf7-validates-as-required wpcf7-text wpcf7-validates-as-email\" aria-required=\"true\" aria-invalid=\"false\" placeholder=\"Introduce\u021bi adresa de e-mail\" value=\"\" type=\"email\" name=\"email-765\" \/><\/span><button class=\"fill-btn-1\" type=\"submit\"><span class=\"fill-btn-inner\"><span class=\"fill-btn-normal\">Abona\u021bi-v\u0103 la noi<\/span><\/span><\/button>\n\t<\/p>\n<\/div><div class=\"wpcf7-response-output\" aria-hidden=\"true\"><\/div>\n<input type=\"hidden\" name=\"trp-form-language\" value=\"ro\"\/><\/form>\n<\/div>\n                  <\/div>\r\n               <\/div>\r\n            <\/div>\r\n         <\/div>\r\n      <\/div>\r\n   <\/section>\r\n   <!-- Newsletter area end -->\r\n\t\r\n\r\n             \r\n\t\t\t\t\t\t<\/div>\n\t\t\t\t<\/div>\n\t\t\t\t<\/div>\n\t\t\t\t<\/div>","protected":false},"excerpt":{"rendered":"<p>Our Service Best Medical Services View All Implantology Oral implantology is today the base of<\/p>","protected":false},"author":1,"featured_media":0,"parent":0,"menu_order":0,"comment_status":"closed","ping_status":"closed","template":"elementor_header_footer","meta":{"inline_featured_image":false,"footnotes":""},"class_list":["post-557","page","type-page","status-publish","hentry"],"_links":{"self":[{"href":"https:\/\/www.dentalturism.com\/ro\/wp-json\/wp\/v2\/pages\/557","targetHints":{"allow":["GET"]}}],"collection":[{"href":"https:\/\/www.dentalturism.com\/ro\/wp-json\/wp\/v2\/pages"}],"about":[{"href":"https:\/\/www.dentalturism.com\/ro\/wp-json\/wp\/v2\/types\/page"}],"author":[{"embeddable":true,"href":"https:\/\/www.dentalturism.com\/ro\/wp-json\/wp\/v2\/users\/1"}],"replies":[{"embeddable":true,"href":"https:\/\/www.dentalturism.com\/ro\/wp-json\/wp\/v2\/comments?post=557"}],"version-history":[{"count":0,"href":"https:\/\/www.dentalturism.com\/ro\/wp-json\/wp\/v2\/pages\/557\/revisions"}],"wp:attachment":[{"href":"https:\/\/www.dentalturism.com\/ro\/wp-json\/wp\/v2\/media?parent=557"}],"curies":[{"name":"wp","href":"https:\/\/api.w.org\/{rel}","templated":true}]}}